{"id":8878,"date":"2026-04-13T20:00:08","date_gmt":"2026-04-13T18:00:08","guid":{"rendered":"https:\/\/www.odense.fr\/?post_type=product&#038;p=8878"},"modified":"2026-04-21T12:29:58","modified_gmt":"2026-04-21T10:29:58","slug":"pendientes-ether","status":"publish","type":"product","link":"https:\/\/www.odense.fr\/es\/producto\/pendientes-ether\/","title":{"rendered":"Pendientes Ether"},"content":{"rendered":"<p>Estos peque\u00f1os pendientes chapados en oro est\u00e1n adornados con perlas de agua dulce y un diminuto colgante en forma de estrella. Delicados y refinados, complementar\u00e1n a la perfecci\u00f3n cualquier atuendo informal o de noche.<\/p>\n","protected":false},"excerpt":{"rendered":"<p>Estos peque\u00f1os pendientes chapados en oro est\u00e1n adornados con perlas de agua dulce y un diminuto colgante en forma de estrella. Delicados y refinados, complementar\u00e1n a la perfecci\u00f3n cualquier atuendo informal o de noche.<\/p>\n","protected":false},"featured_media":8873,"comment_status":"open","ping_status":"closed","template":"","meta":{"_acf_changed":false},"product_brand":[],"product_cat":[79],"product_tag":[194],"class_list":{"0":"post-8878","1":"product","2":"type-product","3":"status-publish","4":"has-post-thumbnail","6":"product_cat-zarcillos","7":"product_tag-perle-deau-douce-es","9":"first","10":"instock","11":"taxable","12":"shipping-taxable","13":"purchasable","14":"product-type-simple"},"acf":[],"yoast_head":"<!-- This site is optimized with the Yoast SEO plugin v27.4 - https:\/\/yoast.com\/product\/yoast-seo-wordpress\/ -->\n<title>Pendientes Ether - Odense<\/title>\n<meta name=\"description\" content=\"Estos peque\u00f1os pendientes chapados en oro est\u00e1n adornados con perlas de agua dulce y un diminuto colgante en forma de estrella.\" \/>\n<meta name=\"robots\" content=\"index, follow, max-snippet:-1, max-image-preview:large, max-video-preview:-1\" \/>\n<link rel=\"canonical\" href=\"https:\/\/www.odense.fr\/es\/producto\/pendientes-ether\/\" \/>\n<meta property=\"og:locale\" content=\"es_ES\" \/>\n<meta property=\"og:type\" content=\"article\" \/>\n<meta property=\"og:title\" content=\"Pendientes Ether - Odense\" \/>\n<meta property=\"og:description\" content=\"Estos peque\u00f1os pendientes chapados en oro est\u00e1n adornados con perlas de agua dulce y un diminuto colgante en forma de estrella.\" \/>\n<meta property=\"og:url\" content=\"https:\/\/www.odense.fr\/es\/producto\/pendientes-ether\/\" \/>\n<meta property=\"og:site_name\" content=\"Odense\" \/>\n<meta property=\"article:modified_time\" content=\"2026-04-21T10:29:58+00:00\" \/>\n<meta property=\"og:image\" content=\"https:\/\/www.odense.fr\/wp-content\/uploads\/2026\/04\/Photo-Ether-portees-site-web.jpg\" \/>\n\t<meta property=\"og:image:width\" content=\"2000\" \/>\n\t<meta property=\"og:image:height\" content=\"2000\" \/>\n\t<meta property=\"og:image:type\" content=\"image\/jpeg\" \/>\n<meta name=\"twitter:card\" content=\"summary_large_image\" \/>\n<meta name=\"twitter:label1\" content=\"Tiempo de lectura\" \/>\n\t<meta name=\"twitter:data1\" content=\"1 minuto\" \/>\n<script type=\"application\/ld+json\" class=\"yoast-schema-graph\">{\"@context\":\"https:\\\/\\\/schema.org\",\"@graph\":[{\"@type\":\"WebPage\",\"@id\":\"https:\\\/\\\/www.odense.fr\\\/es\\\/producto\\\/pendientes-ether\\\/\",\"url\":\"https:\\\/\\\/www.odense.fr\\\/es\\\/producto\\\/pendientes-ether\\\/\",\"name\":\"Pendientes Ether - Odense\",\"isPartOf\":{\"@id\":\"https:\\\/\\\/www.odense.fr\\\/es\\\/#website\"},\"primaryImageOfPage\":{\"@id\":\"https:\\\/\\\/www.odense.fr\\\/es\\\/producto\\\/pendientes-ether\\\/#primaryimage\"},\"image\":{\"@id\":\"https:\\\/\\\/www.odense.fr\\\/es\\\/producto\\\/pendientes-ether\\\/#primaryimage\"},\"thumbnailUrl\":\"https:\\\/\\\/www.odense.fr\\\/wp-content\\\/uploads\\\/2026\\\/04\\\/Photo-Ether-portees-site-web.jpg\",\"datePublished\":\"2026-04-13T18:00:08+00:00\",\"dateModified\":\"2026-04-21T10:29:58+00:00\",\"description\":\"Estos peque\u00f1os pendientes chapados en oro est\u00e1n adornados con perlas de agua dulce y un diminuto colgante en forma de estrella.\",\"breadcrumb\":{\"@id\":\"https:\\\/\\\/www.odense.fr\\\/es\\\/producto\\\/pendientes-ether\\\/#breadcrumb\"},\"inLanguage\":\"es\",\"potentialAction\":[{\"@type\":\"ReadAction\",\"target\":[\"https:\\\/\\\/www.odense.fr\\\/es\\\/producto\\\/pendientes-ether\\\/\"]}]},{\"@type\":\"ImageObject\",\"inLanguage\":\"es\",\"@id\":\"https:\\\/\\\/www.odense.fr\\\/es\\\/producto\\\/pendientes-ether\\\/#primaryimage\",\"url\":\"https:\\\/\\\/www.odense.fr\\\/wp-content\\\/uploads\\\/2026\\\/04\\\/Photo-Ether-portees-site-web.jpg\",\"contentUrl\":\"https:\\\/\\\/www.odense.fr\\\/wp-content\\\/uploads\\\/2026\\\/04\\\/Photo-Ether-portees-site-web.jpg\",\"width\":2000,\"height\":2000},{\"@type\":\"BreadcrumbList\",\"@id\":\"https:\\\/\\\/www.odense.fr\\\/es\\\/producto\\\/pendientes-ether\\\/#breadcrumb\",\"itemListElement\":[{\"@type\":\"ListItem\",\"position\":1,\"name\":\"Accueil\",\"item\":\"https:\\\/\\\/www.odense.fr\\\/es\\\/\"},{\"@type\":\"ListItem\",\"position\":2,\"name\":\"Productos\",\"item\":\"https:\\\/\\\/www.odense.fr\\\/es\\\/shop\\\/\"},{\"@type\":\"ListItem\",\"position\":3,\"name\":\"Pendientes Ether\"}]},{\"@type\":\"WebSite\",\"@id\":\"https:\\\/\\\/www.odense.fr\\\/es\\\/#website\",\"url\":\"https:\\\/\\\/www.odense.fr\\\/es\\\/\",\"name\":\"Odense\",\"description\":\"Retrouvez notre gamme de bijoux\",\"publisher\":{\"@id\":\"https:\\\/\\\/www.odense.fr\\\/es\\\/#organization\"},\"potentialAction\":[{\"@type\":\"SearchAction\",\"target\":{\"@type\":\"EntryPoint\",\"urlTemplate\":\"https:\\\/\\\/www.odense.fr\\\/es\\\/?s={search_term_string}\"},\"query-input\":{\"@type\":\"PropertyValueSpecification\",\"valueRequired\":true,\"valueName\":\"search_term_string\"}}],\"inLanguage\":\"es\"},{\"@type\":\"Organization\",\"@id\":\"https:\\\/\\\/www.odense.fr\\\/es\\\/#organization\",\"name\":\"ODENSE\",\"url\":\"https:\\\/\\\/www.odense.fr\\\/es\\\/\",\"logo\":{\"@type\":\"ImageObject\",\"inLanguage\":\"es\",\"@id\":\"https:\\\/\\\/www.odense.fr\\\/es\\\/#\\\/schema\\\/logo\\\/image\\\/\",\"url\":\"https:\\\/\\\/www.odense.fr\\\/wp-content\\\/uploads\\\/2020\\\/09\\\/Logo-Odense-Final-l-01@3x.png\",\"contentUrl\":\"https:\\\/\\\/www.odense.fr\\\/wp-content\\\/uploads\\\/2020\\\/09\\\/Logo-Odense-Final-l-01@3x.png\",\"width\":2560,\"height\":949,\"caption\":\"ODENSE\"},\"image\":{\"@id\":\"https:\\\/\\\/www.odense.fr\\\/es\\\/#\\\/schema\\\/logo\\\/image\\\/\"}}]}<\/script>\n<!-- \/ Yoast SEO plugin. -->","yoast_head_json":{"title":"Pendientes Ether - Odense","description":"Estos peque\u00f1os pendientes chapados en oro est\u00e1n adornados con perlas de agua dulce y un diminuto colgante en forma de estrella.","robots":{"index":"index","follow":"follow","max-snippet":"max-snippet:-1","max-image-preview":"max-image-preview:large","max-video-preview":"max-video-preview:-1"},"canonical":"https:\/\/www.odense.fr\/es\/producto\/pendientes-ether\/","og_locale":"es_ES","og_type":"article","og_title":"Pendientes Ether - Odense","og_description":"Estos peque\u00f1os pendientes chapados en oro est\u00e1n adornados con perlas de agua dulce y un diminuto colgante en forma de estrella.","og_url":"https:\/\/www.odense.fr\/es\/producto\/pendientes-ether\/","og_site_name":"Odense","article_modified_time":"2026-04-21T10:29:58+00:00","og_image":[{"width":2000,"height":2000,"url":"https:\/\/www.odense.fr\/wp-content\/uploads\/2026\/04\/Photo-Ether-portees-site-web.jpg","type":"image\/jpeg"}],"twitter_card":"summary_large_image","twitter_misc":{"Tiempo de lectura":"1 minuto"},"schema":{"@context":"https:\/\/schema.org","@graph":[{"@type":"WebPage","@id":"https:\/\/www.odense.fr\/es\/producto\/pendientes-ether\/","url":"https:\/\/www.odense.fr\/es\/producto\/pendientes-ether\/","name":"Pendientes Ether - Odense","isPartOf":{"@id":"https:\/\/www.odense.fr\/es\/#website"},"primaryImageOfPage":{"@id":"https:\/\/www.odense.fr\/es\/producto\/pendientes-ether\/#primaryimage"},"image":{"@id":"https:\/\/www.odense.fr\/es\/producto\/pendientes-ether\/#primaryimage"},"thumbnailUrl":"https:\/\/www.odense.fr\/wp-content\/uploads\/2026\/04\/Photo-Ether-portees-site-web.jpg","datePublished":"2026-04-13T18:00:08+00:00","dateModified":"2026-04-21T10:29:58+00:00","description":"Estos peque\u00f1os pendientes chapados en oro est\u00e1n adornados con perlas de agua dulce y un diminuto colgante en forma de estrella.","breadcrumb":{"@id":"https:\/\/www.odense.fr\/es\/producto\/pendientes-ether\/#breadcrumb"},"inLanguage":"es","potentialAction":[{"@type":"ReadAction","target":["https:\/\/www.odense.fr\/es\/producto\/pendientes-ether\/"]}]},{"@type":"ImageObject","inLanguage":"es","@id":"https:\/\/www.odense.fr\/es\/producto\/pendientes-ether\/#primaryimage","url":"https:\/\/www.odense.fr\/wp-content\/uploads\/2026\/04\/Photo-Ether-portees-site-web.jpg","contentUrl":"https:\/\/www.odense.fr\/wp-content\/uploads\/2026\/04\/Photo-Ether-portees-site-web.jpg","width":2000,"height":2000},{"@type":"BreadcrumbList","@id":"https:\/\/www.odense.fr\/es\/producto\/pendientes-ether\/#breadcrumb","itemListElement":[{"@type":"ListItem","position":1,"name":"Accueil","item":"https:\/\/www.odense.fr\/es\/"},{"@type":"ListItem","position":2,"name":"Productos","item":"https:\/\/www.odense.fr\/es\/shop\/"},{"@type":"ListItem","position":3,"name":"Pendientes Ether"}]},{"@type":"WebSite","@id":"https:\/\/www.odense.fr\/es\/#website","url":"https:\/\/www.odense.fr\/es\/","name":"Odense","description":"Retrouvez notre gamme de bijoux","publisher":{"@id":"https:\/\/www.odense.fr\/es\/#organization"},"potentialAction":[{"@type":"SearchAction","target":{"@type":"EntryPoint","urlTemplate":"https:\/\/www.odense.fr\/es\/?s={search_term_string}"},"query-input":{"@type":"PropertyValueSpecification","valueRequired":true,"valueName":"search_term_string"}}],"inLanguage":"es"},{"@type":"Organization","@id":"https:\/\/www.odense.fr\/es\/#organization","name":"ODENSE","url":"https:\/\/www.odense.fr\/es\/","logo":{"@type":"ImageObject","inLanguage":"es","@id":"https:\/\/www.odense.fr\/es\/#\/schema\/logo\/image\/","url":"https:\/\/www.odense.fr\/wp-content\/uploads\/2020\/09\/Logo-Odense-Final-l-01@3x.png","contentUrl":"https:\/\/www.odense.fr\/wp-content\/uploads\/2020\/09\/Logo-Odense-Final-l-01@3x.png","width":2560,"height":949,"caption":"ODENSE"},"image":{"@id":"https:\/\/www.odense.fr\/es\/#\/schema\/logo\/image\/"}}]}},"_links":{"self":[{"href":"https:\/\/www.odense.fr\/es\/wp-json\/wp\/v2\/product\/8878","targetHints":{"allow":["GET"]}}],"collection":[{"href":"https:\/\/www.odense.fr\/es\/wp-json\/wp\/v2\/product"}],"about":[{"href":"https:\/\/www.odense.fr\/es\/wp-json\/wp\/v2\/types\/product"}],"replies":[{"embeddable":true,"href":"https:\/\/www.odense.fr\/es\/wp-json\/wp\/v2\/comments?post=8878"}],"wp:featuredmedia":[{"embeddable":true,"href":"https:\/\/www.odense.fr\/es\/wp-json\/wp\/v2\/media\/8873"}],"wp:attachment":[{"href":"https:\/\/www.odense.fr\/es\/wp-json\/wp\/v2\/media?parent=8878"}],"wp:term":[{"taxonomy":"product_brand","embeddable":true,"href":"https:\/\/www.odense.fr\/es\/wp-json\/wp\/v2\/product_brand?post=8878"},{"taxonomy":"product_cat","embeddable":true,"href":"https:\/\/www.odense.fr\/es\/wp-json\/wp\/v2\/product_cat?post=8878"},{"taxonomy":"product_tag","embeddable":true,"href":"https:\/\/www.odense.fr\/es\/wp-json\/wp\/v2\/product_tag?post=8878"}],"curies":[{"name":"wp","href":"https:\/\/api.w.org\/{rel}","templated":true}]}}