{"id":8507,"date":"2025-05-31T09:36:42","date_gmt":"2025-05-31T07:36:42","guid":{"rendered":"https:\/\/www.odense.fr\/?post_type=product&#038;p=8507"},"modified":"2025-05-31T09:36:43","modified_gmt":"2025-05-31T07:36:43","slug":"collar-wild","status":"publish","type":"product","link":"https:\/\/www.odense.fr\/es\/producto\/collar-wild\/","title":{"rendered":"Collar Wild"},"content":{"rendered":"<p>Precioso collar talism\u00e1n \u201cSalvaje\u201d que le dar\u00e1 un encantador tono bohemio a tu atuendo. Original con su forma de tubo geom\u00e9trico, se convertir\u00e1 en un aut\u00e9ntico amuleto de la suerte para ti.<\/p>\n","protected":false},"excerpt":{"rendered":"<p>Precioso collar talism\u00e1n \u201cSalvaje\u201d que le dar\u00e1 un encantador tono bohemio a tu atuendo. Original con su forma de tubo geom\u00e9trico, se convertir\u00e1 en un aut\u00e9ntico amuleto de la suerte para ti.<\/p>\n","protected":false},"featured_media":8502,"comment_status":"open","ping_status":"closed","template":"","meta":{"_acf_changed":false},"product_brand":[],"product_cat":[83],"product_tag":[],"class_list":{"0":"post-8507","1":"product","2":"type-product","3":"status-publish","4":"has-post-thumbnail","6":"product_cat-collares","8":"first","9":"instock","10":"taxable","11":"shipping-taxable","12":"purchasable","13":"product-type-simple"},"acf":[],"yoast_head":"<!-- This site is optimized with the Yoast SEO plugin v27.4 - https:\/\/yoast.com\/product\/yoast-seo-wordpress\/ -->\n<title>Collar Wild - Odense<\/title>\n<meta name=\"description\" content=\"Precioso collar talism\u00e1n \u201cSalvaje\u201d que le dar\u00e1 un encantador tono bohemio a tu atuendo.\" \/>\n<meta name=\"robots\" content=\"index, follow, max-snippet:-1, max-image-preview:large, max-video-preview:-1\" \/>\n<link rel=\"canonical\" href=\"https:\/\/www.odense.fr\/es\/producto\/collar-wild\/\" \/>\n<meta property=\"og:locale\" content=\"es_ES\" \/>\n<meta property=\"og:type\" content=\"article\" \/>\n<meta property=\"og:title\" content=\"Collar Wild - Odense\" \/>\n<meta property=\"og:description\" content=\"Precioso collar talism\u00e1n \u201cSalvaje\u201d que le dar\u00e1 un encantador tono bohemio a tu atuendo.\" \/>\n<meta property=\"og:url\" content=\"https:\/\/www.odense.fr\/es\/producto\/collar-wild\/\" \/>\n<meta property=\"og:site_name\" content=\"Odense\" \/>\n<meta property=\"article:modified_time\" content=\"2025-05-31T07:36:43+00:00\" \/>\n<meta property=\"og:image\" content=\"https:\/\/www.odense.fr\/wp-content\/uploads\/2025\/05\/collier-wild-porte-web.jpg\" \/>\n\t<meta property=\"og:image:width\" content=\"2000\" \/>\n\t<meta property=\"og:image:height\" content=\"2000\" \/>\n\t<meta property=\"og:image:type\" content=\"image\/jpeg\" \/>\n<meta name=\"twitter:card\" content=\"summary_large_image\" \/>\n<meta name=\"twitter:label1\" content=\"Tiempo de lectura\" \/>\n\t<meta name=\"twitter:data1\" content=\"1 minuto\" \/>\n<script type=\"application\/ld+json\" class=\"yoast-schema-graph\">{\"@context\":\"https:\\\/\\\/schema.org\",\"@graph\":[{\"@type\":\"WebPage\",\"@id\":\"https:\\\/\\\/www.odense.fr\\\/es\\\/producto\\\/collar-wild\\\/\",\"url\":\"https:\\\/\\\/www.odense.fr\\\/es\\\/producto\\\/collar-wild\\\/\",\"name\":\"Collar Wild - Odense\",\"isPartOf\":{\"@id\":\"https:\\\/\\\/www.odense.fr\\\/es\\\/#website\"},\"primaryImageOfPage\":{\"@id\":\"https:\\\/\\\/www.odense.fr\\\/es\\\/producto\\\/collar-wild\\\/#primaryimage\"},\"image\":{\"@id\":\"https:\\\/\\\/www.odense.fr\\\/es\\\/producto\\\/collar-wild\\\/#primaryimage\"},\"thumbnailUrl\":\"https:\\\/\\\/www.odense.fr\\\/wp-content\\\/uploads\\\/2025\\\/05\\\/collier-wild-porte-web.jpg\",\"datePublished\":\"2025-05-31T07:36:42+00:00\",\"dateModified\":\"2025-05-31T07:36:43+00:00\",\"description\":\"Precioso collar talism\u00e1n \u201cSalvaje\u201d que le dar\u00e1 un encantador tono bohemio a tu atuendo.\",\"breadcrumb\":{\"@id\":\"https:\\\/\\\/www.odense.fr\\\/es\\\/producto\\\/collar-wild\\\/#breadcrumb\"},\"inLanguage\":\"es\",\"potentialAction\":[{\"@type\":\"ReadAction\",\"target\":[\"https:\\\/\\\/www.odense.fr\\\/es\\\/producto\\\/collar-wild\\\/\"]}]},{\"@type\":\"ImageObject\",\"inLanguage\":\"es\",\"@id\":\"https:\\\/\\\/www.odense.fr\\\/es\\\/producto\\\/collar-wild\\\/#primaryimage\",\"url\":\"https:\\\/\\\/www.odense.fr\\\/wp-content\\\/uploads\\\/2025\\\/05\\\/collier-wild-porte-web.jpg\",\"contentUrl\":\"https:\\\/\\\/www.odense.fr\\\/wp-content\\\/uploads\\\/2025\\\/05\\\/collier-wild-porte-web.jpg\",\"width\":2000,\"height\":2000},{\"@type\":\"BreadcrumbList\",\"@id\":\"https:\\\/\\\/www.odense.fr\\\/es\\\/producto\\\/collar-wild\\\/#breadcrumb\",\"itemListElement\":[{\"@type\":\"ListItem\",\"position\":1,\"name\":\"Accueil\",\"item\":\"https:\\\/\\\/www.odense.fr\\\/es\\\/\"},{\"@type\":\"ListItem\",\"position\":2,\"name\":\"Productos\",\"item\":\"https:\\\/\\\/www.odense.fr\\\/es\\\/shop\\\/\"},{\"@type\":\"ListItem\",\"position\":3,\"name\":\"Collar Wild\"}]},{\"@type\":\"WebSite\",\"@id\":\"https:\\\/\\\/www.odense.fr\\\/es\\\/#website\",\"url\":\"https:\\\/\\\/www.odense.fr\\\/es\\\/\",\"name\":\"Odense\",\"description\":\"Retrouvez notre gamme de bijoux\",\"publisher\":{\"@id\":\"https:\\\/\\\/www.odense.fr\\\/es\\\/#organization\"},\"potentialAction\":[{\"@type\":\"SearchAction\",\"target\":{\"@type\":\"EntryPoint\",\"urlTemplate\":\"https:\\\/\\\/www.odense.fr\\\/es\\\/?s={search_term_string}\"},\"query-input\":{\"@type\":\"PropertyValueSpecification\",\"valueRequired\":true,\"valueName\":\"search_term_string\"}}],\"inLanguage\":\"es\"},{\"@type\":\"Organization\",\"@id\":\"https:\\\/\\\/www.odense.fr\\\/es\\\/#organization\",\"name\":\"ODENSE\",\"url\":\"https:\\\/\\\/www.odense.fr\\\/es\\\/\",\"logo\":{\"@type\":\"ImageObject\",\"inLanguage\":\"es\",\"@id\":\"https:\\\/\\\/www.odense.fr\\\/es\\\/#\\\/schema\\\/logo\\\/image\\\/\",\"url\":\"https:\\\/\\\/www.odense.fr\\\/wp-content\\\/uploads\\\/2020\\\/09\\\/Logo-Odense-Final-l-01@3x.png\",\"contentUrl\":\"https:\\\/\\\/www.odense.fr\\\/wp-content\\\/uploads\\\/2020\\\/09\\\/Logo-Odense-Final-l-01@3x.png\",\"width\":2560,\"height\":949,\"caption\":\"ODENSE\"},\"image\":{\"@id\":\"https:\\\/\\\/www.odense.fr\\\/es\\\/#\\\/schema\\\/logo\\\/image\\\/\"}}]}<\/script>\n<!-- \/ Yoast SEO plugin. -->","yoast_head_json":{"title":"Collar Wild - Odense","description":"Precioso collar talism\u00e1n \u201cSalvaje\u201d que le dar\u00e1 un encantador tono bohemio a tu atuendo.","robots":{"index":"index","follow":"follow","max-snippet":"max-snippet:-1","max-image-preview":"max-image-preview:large","max-video-preview":"max-video-preview:-1"},"canonical":"https:\/\/www.odense.fr\/es\/producto\/collar-wild\/","og_locale":"es_ES","og_type":"article","og_title":"Collar Wild - Odense","og_description":"Precioso collar talism\u00e1n \u201cSalvaje\u201d que le dar\u00e1 un encantador tono bohemio a tu atuendo.","og_url":"https:\/\/www.odense.fr\/es\/producto\/collar-wild\/","og_site_name":"Odense","article_modified_time":"2025-05-31T07:36:43+00:00","og_image":[{"width":2000,"height":2000,"url":"https:\/\/www.odense.fr\/wp-content\/uploads\/2025\/05\/collier-wild-porte-web.jpg","type":"image\/jpeg"}],"twitter_card":"summary_large_image","twitter_misc":{"Tiempo de lectura":"1 minuto"},"schema":{"@context":"https:\/\/schema.org","@graph":[{"@type":"WebPage","@id":"https:\/\/www.odense.fr\/es\/producto\/collar-wild\/","url":"https:\/\/www.odense.fr\/es\/producto\/collar-wild\/","name":"Collar Wild - Odense","isPartOf":{"@id":"https:\/\/www.odense.fr\/es\/#website"},"primaryImageOfPage":{"@id":"https:\/\/www.odense.fr\/es\/producto\/collar-wild\/#primaryimage"},"image":{"@id":"https:\/\/www.odense.fr\/es\/producto\/collar-wild\/#primaryimage"},"thumbnailUrl":"https:\/\/www.odense.fr\/wp-content\/uploads\/2025\/05\/collier-wild-porte-web.jpg","datePublished":"2025-05-31T07:36:42+00:00","dateModified":"2025-05-31T07:36:43+00:00","description":"Precioso collar talism\u00e1n \u201cSalvaje\u201d que le dar\u00e1 un encantador tono bohemio a tu atuendo.","breadcrumb":{"@id":"https:\/\/www.odense.fr\/es\/producto\/collar-wild\/#breadcrumb"},"inLanguage":"es","potentialAction":[{"@type":"ReadAction","target":["https:\/\/www.odense.fr\/es\/producto\/collar-wild\/"]}]},{"@type":"ImageObject","inLanguage":"es","@id":"https:\/\/www.odense.fr\/es\/producto\/collar-wild\/#primaryimage","url":"https:\/\/www.odense.fr\/wp-content\/uploads\/2025\/05\/collier-wild-porte-web.jpg","contentUrl":"https:\/\/www.odense.fr\/wp-content\/uploads\/2025\/05\/collier-wild-porte-web.jpg","width":2000,"height":2000},{"@type":"BreadcrumbList","@id":"https:\/\/www.odense.fr\/es\/producto\/collar-wild\/#breadcrumb","itemListElement":[{"@type":"ListItem","position":1,"name":"Accueil","item":"https:\/\/www.odense.fr\/es\/"},{"@type":"ListItem","position":2,"name":"Productos","item":"https:\/\/www.odense.fr\/es\/shop\/"},{"@type":"ListItem","position":3,"name":"Collar Wild"}]},{"@type":"WebSite","@id":"https:\/\/www.odense.fr\/es\/#website","url":"https:\/\/www.odense.fr\/es\/","name":"Odense","description":"Retrouvez notre gamme de bijoux","publisher":{"@id":"https:\/\/www.odense.fr\/es\/#organization"},"potentialAction":[{"@type":"SearchAction","target":{"@type":"EntryPoint","urlTemplate":"https:\/\/www.odense.fr\/es\/?s={search_term_string}"},"query-input":{"@type":"PropertyValueSpecification","valueRequired":true,"valueName":"search_term_string"}}],"inLanguage":"es"},{"@type":"Organization","@id":"https:\/\/www.odense.fr\/es\/#organization","name":"ODENSE","url":"https:\/\/www.odense.fr\/es\/","logo":{"@type":"ImageObject","inLanguage":"es","@id":"https:\/\/www.odense.fr\/es\/#\/schema\/logo\/image\/","url":"https:\/\/www.odense.fr\/wp-content\/uploads\/2020\/09\/Logo-Odense-Final-l-01@3x.png","contentUrl":"https:\/\/www.odense.fr\/wp-content\/uploads\/2020\/09\/Logo-Odense-Final-l-01@3x.png","width":2560,"height":949,"caption":"ODENSE"},"image":{"@id":"https:\/\/www.odense.fr\/es\/#\/schema\/logo\/image\/"}}]}},"_links":{"self":[{"href":"https:\/\/www.odense.fr\/es\/wp-json\/wp\/v2\/product\/8507","targetHints":{"allow":["GET"]}}],"collection":[{"href":"https:\/\/www.odense.fr\/es\/wp-json\/wp\/v2\/product"}],"about":[{"href":"https:\/\/www.odense.fr\/es\/wp-json\/wp\/v2\/types\/product"}],"replies":[{"embeddable":true,"href":"https:\/\/www.odense.fr\/es\/wp-json\/wp\/v2\/comments?post=8507"}],"wp:featuredmedia":[{"embeddable":true,"href":"https:\/\/www.odense.fr\/es\/wp-json\/wp\/v2\/media\/8502"}],"wp:attachment":[{"href":"https:\/\/www.odense.fr\/es\/wp-json\/wp\/v2\/media?parent=8507"}],"wp:term":[{"taxonomy":"product_brand","embeddable":true,"href":"https:\/\/www.odense.fr\/es\/wp-json\/wp\/v2\/product_brand?post=8507"},{"taxonomy":"product_cat","embeddable":true,"href":"https:\/\/www.odense.fr\/es\/wp-json\/wp\/v2\/product_cat?post=8507"},{"taxonomy":"product_tag","embeddable":true,"href":"https:\/\/www.odense.fr\/es\/wp-json\/wp\/v2\/product_tag?post=8507"}],"curies":[{"name":"wp","href":"https:\/\/api.w.org\/{rel}","templated":true}]}}