{"id":6522,"date":"2022-11-26T10:57:41","date_gmt":"2022-11-28T18:35:14","guid":{"rendered":"https:\/\/www.odense.fr\/?post_type=product&#038;p=6522"},"modified":"2022-11-28T19:35:14","modified_gmt":"2022-11-28T18:35:14","slug":"pulsera-apogee-en-agata-verde","status":"publish","type":"product","link":"https:\/\/www.odense.fr\/es\/producto\/pulsera-apogee-en-agata-verde\/","title":{"rendered":"Pulsera Apogee en \u00e1gata verde"},"content":{"rendered":"<p>Original pulsera adornada con finas piedras naturales en \u00e1gata verde y fornituras ba\u00f1adas en oro. Broche de langosta.<\/p>\n<p>Decorada con piedras en forma de tubo y arandela, esta pulsera despliega bonitos reflejos luminosos y, por lo tanto, \u00a1puede asociarse con todas las que ya lleva puestas! Combina perfectamente con el collar de \u00e1gata verde Apogee.<\/p>\n","protected":false},"excerpt":{"rendered":"<p>Original pulsera adornada con finas piedras naturales en \u00e1gata verde y fornituras ba\u00f1adas en oro. Broche de langosta. Decorada con piedras en forma de tubo y arandela, esta pulsera despliega bonitos reflejos luminosos y, por lo tanto, \u00a1puede asociarse con todas las que ya lleva puestas! Combina perfectamente con el collar de \u00e1gata verde Apogee.<\/p>\n","protected":false},"featured_media":6520,"comment_status":"open","ping_status":"closed","template":"","meta":{"_acf_changed":false},"product_brand":[],"product_cat":[81],"product_tag":[213],"class_list":{"0":"post-6522","1":"product","2":"type-product","3":"status-publish","4":"has-post-thumbnail","6":"product_cat-brazaletes","7":"product_tag-agate-verte-es","9":"first","10":"instock","11":"taxable","12":"shipping-taxable","13":"purchasable","14":"product-type-simple"},"acf":[],"yoast_head":"<!-- This site is optimized with the Yoast SEO plugin v27.5 - https:\/\/yoast.com\/product\/yoast-seo-wordpress\/ -->\n<title>Pulsera Apogee en \u00e1gata verde - Odense<\/title>\n<meta name=\"description\" content=\"Original pulsera adornada con finas piedras naturales en \u00e1gata verde y fornituras ba\u00f1adas en oro. Broche de langosta.\" \/>\n<meta name=\"robots\" content=\"index, follow, max-snippet:-1, max-image-preview:large, max-video-preview:-1\" \/>\n<link rel=\"canonical\" href=\"https:\/\/www.odense.fr\/es\/producto\/pulsera-apogee-en-agata-verde\/\" \/>\n<meta property=\"og:locale\" content=\"es_ES\" \/>\n<meta property=\"og:type\" content=\"article\" \/>\n<meta property=\"og:title\" content=\"Pulsera Apogee en \u00e1gata verde - Odense\" \/>\n<meta property=\"og:description\" content=\"Original pulsera adornada con finas piedras naturales en \u00e1gata verde y fornituras ba\u00f1adas en oro. Broche de langosta.\" \/>\n<meta property=\"og:url\" content=\"https:\/\/www.odense.fr\/es\/producto\/pulsera-apogee-en-agata-verde\/\" \/>\n<meta property=\"og:site_name\" content=\"Odense\" \/>\n<meta property=\"og:image\" content=\"https:\/\/www.odense.fr\/wp-content\/uploads\/2022\/11\/Bracelet-Apogee-agate-verte-pose-site-internet.jpg\" \/>\n\t<meta property=\"og:image:width\" content=\"2000\" \/>\n\t<meta property=\"og:image:height\" content=\"2000\" \/>\n\t<meta property=\"og:image:type\" content=\"image\/jpeg\" \/>\n<meta name=\"twitter:card\" content=\"summary_large_image\" \/>\n<meta name=\"twitter:label1\" content=\"Tiempo de lectura\" \/>\n\t<meta name=\"twitter:data1\" content=\"1 minuto\" \/>\n<script type=\"application\/ld+json\" class=\"yoast-schema-graph\">{\"@context\":\"https:\\\/\\\/schema.org\",\"@graph\":[{\"@type\":\"WebPage\",\"@id\":\"https:\\\/\\\/www.odense.fr\\\/es\\\/producto\\\/pulsera-apogee-en-agata-verde\\\/\",\"url\":\"https:\\\/\\\/www.odense.fr\\\/es\\\/producto\\\/pulsera-apogee-en-agata-verde\\\/\",\"name\":\"Pulsera Apogee en \u00e1gata verde - Odense\",\"isPartOf\":{\"@id\":\"https:\\\/\\\/www.odense.fr\\\/es\\\/#website\"},\"primaryImageOfPage\":{\"@id\":\"https:\\\/\\\/www.odense.fr\\\/es\\\/producto\\\/pulsera-apogee-en-agata-verde\\\/#primaryimage\"},\"image\":{\"@id\":\"https:\\\/\\\/www.odense.fr\\\/es\\\/producto\\\/pulsera-apogee-en-agata-verde\\\/#primaryimage\"},\"thumbnailUrl\":\"https:\\\/\\\/www.odense.fr\\\/wp-content\\\/uploads\\\/2022\\\/11\\\/Bracelet-Apogee-agate-verte-porte-site-internet.jpg\",\"datePublished\":\"2022-11-28T18:35:14+00:00\",\"description\":\"Original pulsera adornada con finas piedras naturales en \u00e1gata verde y fornituras ba\u00f1adas en oro. Broche de langosta.\",\"breadcrumb\":{\"@id\":\"https:\\\/\\\/www.odense.fr\\\/es\\\/producto\\\/pulsera-apogee-en-agata-verde\\\/#breadcrumb\"},\"inLanguage\":\"es\",\"potentialAction\":[{\"@type\":\"ReadAction\",\"target\":[\"https:\\\/\\\/www.odense.fr\\\/es\\\/producto\\\/pulsera-apogee-en-agata-verde\\\/\"]}]},{\"@type\":\"ImageObject\",\"inLanguage\":\"es\",\"@id\":\"https:\\\/\\\/www.odense.fr\\\/es\\\/producto\\\/pulsera-apogee-en-agata-verde\\\/#primaryimage\",\"url\":\"https:\\\/\\\/www.odense.fr\\\/wp-content\\\/uploads\\\/2022\\\/11\\\/Bracelet-Apogee-agate-verte-porte-site-internet.jpg\",\"contentUrl\":\"https:\\\/\\\/www.odense.fr\\\/wp-content\\\/uploads\\\/2022\\\/11\\\/Bracelet-Apogee-agate-verte-porte-site-internet.jpg\",\"width\":2000,\"height\":2000},{\"@type\":\"BreadcrumbList\",\"@id\":\"https:\\\/\\\/www.odense.fr\\\/es\\\/producto\\\/pulsera-apogee-en-agata-verde\\\/#breadcrumb\",\"itemListElement\":[{\"@type\":\"ListItem\",\"position\":1,\"name\":\"Accueil\",\"item\":\"https:\\\/\\\/www.odense.fr\\\/es\\\/\"},{\"@type\":\"ListItem\",\"position\":2,\"name\":\"Productos\",\"item\":\"https:\\\/\\\/www.odense.fr\\\/es\\\/shop\\\/\"},{\"@type\":\"ListItem\",\"position\":3,\"name\":\"Pulsera Apogee en \u00e1gata verde\"}]},{\"@type\":\"WebSite\",\"@id\":\"https:\\\/\\\/www.odense.fr\\\/es\\\/#website\",\"url\":\"https:\\\/\\\/www.odense.fr\\\/es\\\/\",\"name\":\"Odense\",\"description\":\"Retrouvez notre gamme de bijoux\",\"publisher\":{\"@id\":\"https:\\\/\\\/www.odense.fr\\\/es\\\/#organization\"},\"potentialAction\":[{\"@type\":\"SearchAction\",\"target\":{\"@type\":\"EntryPoint\",\"urlTemplate\":\"https:\\\/\\\/www.odense.fr\\\/es\\\/?s={search_term_string}\"},\"query-input\":{\"@type\":\"PropertyValueSpecification\",\"valueRequired\":true,\"valueName\":\"search_term_string\"}}],\"inLanguage\":\"es\"},{\"@type\":\"Organization\",\"@id\":\"https:\\\/\\\/www.odense.fr\\\/es\\\/#organization\",\"name\":\"ODENSE\",\"url\":\"https:\\\/\\\/www.odense.fr\\\/es\\\/\",\"logo\":{\"@type\":\"ImageObject\",\"inLanguage\":\"es\",\"@id\":\"https:\\\/\\\/www.odense.fr\\\/es\\\/#\\\/schema\\\/logo\\\/image\\\/\",\"url\":\"https:\\\/\\\/www.odense.fr\\\/wp-content\\\/uploads\\\/2020\\\/09\\\/Logo-Odense-Final-l-01@3x.png\",\"contentUrl\":\"https:\\\/\\\/www.odense.fr\\\/wp-content\\\/uploads\\\/2020\\\/09\\\/Logo-Odense-Final-l-01@3x.png\",\"width\":2560,\"height\":949,\"caption\":\"ODENSE\"},\"image\":{\"@id\":\"https:\\\/\\\/www.odense.fr\\\/es\\\/#\\\/schema\\\/logo\\\/image\\\/\"}}]}<\/script>\n<!-- \/ Yoast SEO plugin. -->","yoast_head_json":{"title":"Pulsera Apogee en \u00e1gata verde - Odense","description":"Original pulsera adornada con finas piedras naturales en \u00e1gata verde y fornituras ba\u00f1adas en oro. Broche de langosta.","robots":{"index":"index","follow":"follow","max-snippet":"max-snippet:-1","max-image-preview":"max-image-preview:large","max-video-preview":"max-video-preview:-1"},"canonical":"https:\/\/www.odense.fr\/es\/producto\/pulsera-apogee-en-agata-verde\/","og_locale":"es_ES","og_type":"article","og_title":"Pulsera Apogee en \u00e1gata verde - Odense","og_description":"Original pulsera adornada con finas piedras naturales en \u00e1gata verde y fornituras ba\u00f1adas en oro. Broche de langosta.","og_url":"https:\/\/www.odense.fr\/es\/producto\/pulsera-apogee-en-agata-verde\/","og_site_name":"Odense","og_image":[{"width":2000,"height":2000,"url":"https:\/\/www.odense.fr\/wp-content\/uploads\/2022\/11\/Bracelet-Apogee-agate-verte-pose-site-internet.jpg","type":"image\/jpeg"}],"twitter_card":"summary_large_image","twitter_misc":{"Tiempo de lectura":"1 minuto"},"schema":{"@context":"https:\/\/schema.org","@graph":[{"@type":"WebPage","@id":"https:\/\/www.odense.fr\/es\/producto\/pulsera-apogee-en-agata-verde\/","url":"https:\/\/www.odense.fr\/es\/producto\/pulsera-apogee-en-agata-verde\/","name":"Pulsera Apogee en \u00e1gata verde - Odense","isPartOf":{"@id":"https:\/\/www.odense.fr\/es\/#website"},"primaryImageOfPage":{"@id":"https:\/\/www.odense.fr\/es\/producto\/pulsera-apogee-en-agata-verde\/#primaryimage"},"image":{"@id":"https:\/\/www.odense.fr\/es\/producto\/pulsera-apogee-en-agata-verde\/#primaryimage"},"thumbnailUrl":"https:\/\/www.odense.fr\/wp-content\/uploads\/2022\/11\/Bracelet-Apogee-agate-verte-porte-site-internet.jpg","datePublished":"2022-11-28T18:35:14+00:00","description":"Original pulsera adornada con finas piedras naturales en \u00e1gata verde y fornituras ba\u00f1adas en oro. Broche de langosta.","breadcrumb":{"@id":"https:\/\/www.odense.fr\/es\/producto\/pulsera-apogee-en-agata-verde\/#breadcrumb"},"inLanguage":"es","potentialAction":[{"@type":"ReadAction","target":["https:\/\/www.odense.fr\/es\/producto\/pulsera-apogee-en-agata-verde\/"]}]},{"@type":"ImageObject","inLanguage":"es","@id":"https:\/\/www.odense.fr\/es\/producto\/pulsera-apogee-en-agata-verde\/#primaryimage","url":"https:\/\/www.odense.fr\/wp-content\/uploads\/2022\/11\/Bracelet-Apogee-agate-verte-porte-site-internet.jpg","contentUrl":"https:\/\/www.odense.fr\/wp-content\/uploads\/2022\/11\/Bracelet-Apogee-agate-verte-porte-site-internet.jpg","width":2000,"height":2000},{"@type":"BreadcrumbList","@id":"https:\/\/www.odense.fr\/es\/producto\/pulsera-apogee-en-agata-verde\/#breadcrumb","itemListElement":[{"@type":"ListItem","position":1,"name":"Accueil","item":"https:\/\/www.odense.fr\/es\/"},{"@type":"ListItem","position":2,"name":"Productos","item":"https:\/\/www.odense.fr\/es\/shop\/"},{"@type":"ListItem","position":3,"name":"Pulsera Apogee en \u00e1gata verde"}]},{"@type":"WebSite","@id":"https:\/\/www.odense.fr\/es\/#website","url":"https:\/\/www.odense.fr\/es\/","name":"Odense","description":"Retrouvez notre gamme de bijoux","publisher":{"@id":"https:\/\/www.odense.fr\/es\/#organization"},"potentialAction":[{"@type":"SearchAction","target":{"@type":"EntryPoint","urlTemplate":"https:\/\/www.odense.fr\/es\/?s={search_term_string}"},"query-input":{"@type":"PropertyValueSpecification","valueRequired":true,"valueName":"search_term_string"}}],"inLanguage":"es"},{"@type":"Organization","@id":"https:\/\/www.odense.fr\/es\/#organization","name":"ODENSE","url":"https:\/\/www.odense.fr\/es\/","logo":{"@type":"ImageObject","inLanguage":"es","@id":"https:\/\/www.odense.fr\/es\/#\/schema\/logo\/image\/","url":"https:\/\/www.odense.fr\/wp-content\/uploads\/2020\/09\/Logo-Odense-Final-l-01@3x.png","contentUrl":"https:\/\/www.odense.fr\/wp-content\/uploads\/2020\/09\/Logo-Odense-Final-l-01@3x.png","width":2560,"height":949,"caption":"ODENSE"},"image":{"@id":"https:\/\/www.odense.fr\/es\/#\/schema\/logo\/image\/"}}]}},"_links":{"self":[{"href":"https:\/\/www.odense.fr\/es\/wp-json\/wp\/v2\/product\/6522","targetHints":{"allow":["GET"]}}],"collection":[{"href":"https:\/\/www.odense.fr\/es\/wp-json\/wp\/v2\/product"}],"about":[{"href":"https:\/\/www.odense.fr\/es\/wp-json\/wp\/v2\/types\/product"}],"replies":[{"embeddable":true,"href":"https:\/\/www.odense.fr\/es\/wp-json\/wp\/v2\/comments?post=6522"}],"wp:featuredmedia":[{"embeddable":true,"href":"https:\/\/www.odense.fr\/es\/wp-json\/wp\/v2\/media\/6520"}],"wp:attachment":[{"href":"https:\/\/www.odense.fr\/es\/wp-json\/wp\/v2\/media?parent=6522"}],"wp:term":[{"taxonomy":"product_brand","embeddable":true,"href":"https:\/\/www.odense.fr\/es\/wp-json\/wp\/v2\/product_brand?post=6522"},{"taxonomy":"product_cat","embeddable":true,"href":"https:\/\/www.odense.fr\/es\/wp-json\/wp\/v2\/product_cat?post=6522"},{"taxonomy":"product_tag","embeddable":true,"href":"https:\/\/www.odense.fr\/es\/wp-json\/wp\/v2\/product_tag?post=6522"}],"curies":[{"name":"wp","href":"https:\/\/api.w.org\/{rel}","templated":true}]}}