{"id":5870,"date":"2022-09-28T23:35:35","date_gmt":"2022-09-28T21:35:35","guid":{"rendered":"https:\/\/www.odense.fr\/product\/collar-element-fuego\/"},"modified":"2023-12-09T08:28:33","modified_gmt":"2023-12-09T07:28:33","slug":"collar-element-fuego","status":"publish","type":"product","link":"https:\/\/www.odense.fr\/es\/producto\/collar-element-fuego\/","title":{"rendered":"Collar Element Fuego"},"content":{"rendered":"<p>Como un talism\u00e1n, los collares de la nueva colecci\u00f3n Element irradian sus ondas positivas con la acumulaci\u00f3n de finas piedras asociadas al brillo del oro ba\u00f1ado. Haci\u00e9ndose eco de los cuatro elementos, estas joyas est\u00e1n llenas de energ\u00eda y te preparan para un invierno alegre y luminoso.<br \/>\nEl collar Element Fuego combina a la perfecci\u00f3n con la pulsera Element Fuego.<\/p>\n","protected":false},"excerpt":{"rendered":"<p>Como un talism\u00e1n, los collares de la nueva colecci\u00f3n Element irradian sus ondas positivas con la acumulaci\u00f3n de finas piedras asociadas al brillo del oro ba\u00f1ado. Haci\u00e9ndose eco de los cuatro elementos, estas joyas est\u00e1n llenas de energ\u00eda y te preparan para un invierno alegre y luminoso. El collar Element Fuego combina a la perfecci\u00f3n [&hellip;]<\/p>\n","protected":false},"featured_media":5853,"comment_status":"open","ping_status":"closed","template":"","meta":{"_acf_changed":false},"product_brand":[],"product_cat":[83],"product_tag":[103,105,129],"class_list":{"0":"post-5870","1":"product","2":"type-product","3":"status-publish","4":"has-post-thumbnail","6":"product_cat-collares","7":"product_tag-citrino","8":"product_tag-cornalina","9":"product_tag-piedra-del-sol","11":"first","12":"instock","13":"taxable","14":"shipping-taxable","15":"purchasable","16":"product-type-simple"},"acf":[],"yoast_head":"<!-- This site is optimized with the Yoast SEO plugin v27.5 - https:\/\/yoast.com\/product\/yoast-seo-wordpress\/ -->\n<title>Collar Element Fuego - Odense<\/title>\n<meta name=\"description\" content=\"Como un talism\u00e1n, los collares de la nueva colecci\u00f3n Element irradian sus ondas positivas con la acumulaci\u00f3n de finas piedras asociadas al brillo del oro ba\u00f1ado. Haci\u00e9ndose eco de los cuatro elementos, estas joyas est\u00e1n llenas de energ\u00eda y te preparan para un invierno alegre y luminoso.\" \/>\n<meta name=\"robots\" content=\"index, follow, max-snippet:-1, max-image-preview:large, max-video-preview:-1\" \/>\n<link rel=\"canonical\" href=\"https:\/\/www.odense.fr\/es\/producto\/collar-element-fuego\/\" \/>\n<meta property=\"og:locale\" content=\"es_ES\" \/>\n<meta property=\"og:type\" content=\"article\" \/>\n<meta property=\"og:title\" content=\"Collar Element Fuego - Odense\" \/>\n<meta property=\"og:description\" content=\"Como un talism\u00e1n, los collares de la nueva colecci\u00f3n Element irradian sus ondas positivas con la acumulaci\u00f3n de finas piedras asociadas al brillo del oro ba\u00f1ado. Haci\u00e9ndose eco de los cuatro elementos, estas joyas est\u00e1n llenas de energ\u00eda y te preparan para un invierno alegre y luminoso.\" \/>\n<meta property=\"og:url\" content=\"https:\/\/www.odense.fr\/es\/producto\/collar-element-fuego\/\" \/>\n<meta property=\"og:site_name\" content=\"Odense\" \/>\n<meta property=\"article:modified_time\" content=\"2023-12-09T07:28:33+00:00\" \/>\n<meta property=\"og:image\" content=\"https:\/\/www.odense.fr\/wp-content\/uploads\/2022\/09\/Collier-Fire-pose-site-internet.jpg\" \/>\n\t<meta property=\"og:image:width\" content=\"2000\" \/>\n\t<meta property=\"og:image:height\" content=\"2000\" \/>\n\t<meta property=\"og:image:type\" content=\"image\/jpeg\" \/>\n<meta name=\"twitter:card\" content=\"summary_large_image\" \/>\n<meta name=\"twitter:label1\" content=\"Tiempo de lectura\" \/>\n\t<meta name=\"twitter:data1\" content=\"1 minuto\" \/>\n<script type=\"application\/ld+json\" class=\"yoast-schema-graph\">{\"@context\":\"https:\\\/\\\/schema.org\",\"@graph\":[{\"@type\":\"WebPage\",\"@id\":\"https:\\\/\\\/www.odense.fr\\\/es\\\/producto\\\/collar-element-fuego\\\/\",\"url\":\"https:\\\/\\\/www.odense.fr\\\/es\\\/producto\\\/collar-element-fuego\\\/\",\"name\":\"Collar Element Fuego - Odense\",\"isPartOf\":{\"@id\":\"https:\\\/\\\/www.odense.fr\\\/es\\\/#website\"},\"primaryImageOfPage\":{\"@id\":\"https:\\\/\\\/www.odense.fr\\\/es\\\/producto\\\/collar-element-fuego\\\/#primaryimage\"},\"image\":{\"@id\":\"https:\\\/\\\/www.odense.fr\\\/es\\\/producto\\\/collar-element-fuego\\\/#primaryimage\"},\"thumbnailUrl\":\"https:\\\/\\\/www.odense.fr\\\/wp-content\\\/uploads\\\/2022\\\/09\\\/Collier-Fire-pose-site-internet.jpg\",\"datePublished\":\"2022-09-28T21:35:35+00:00\",\"dateModified\":\"2023-12-09T07:28:33+00:00\",\"description\":\"Como un talism\u00e1n, los collares de la nueva colecci\u00f3n Element irradian sus ondas positivas con la acumulaci\u00f3n de finas piedras asociadas al brillo del oro ba\u00f1ado. Haci\u00e9ndose eco de los cuatro elementos, estas joyas est\u00e1n llenas de energ\u00eda y te preparan para un invierno alegre y luminoso.\",\"breadcrumb\":{\"@id\":\"https:\\\/\\\/www.odense.fr\\\/es\\\/producto\\\/collar-element-fuego\\\/#breadcrumb\"},\"inLanguage\":\"es\",\"potentialAction\":[{\"@type\":\"ReadAction\",\"target\":[\"https:\\\/\\\/www.odense.fr\\\/es\\\/producto\\\/collar-element-fuego\\\/\"]}]},{\"@type\":\"ImageObject\",\"inLanguage\":\"es\",\"@id\":\"https:\\\/\\\/www.odense.fr\\\/es\\\/producto\\\/collar-element-fuego\\\/#primaryimage\",\"url\":\"https:\\\/\\\/www.odense.fr\\\/wp-content\\\/uploads\\\/2022\\\/09\\\/Collier-Fire-pose-site-internet.jpg\",\"contentUrl\":\"https:\\\/\\\/www.odense.fr\\\/wp-content\\\/uploads\\\/2022\\\/09\\\/Collier-Fire-pose-site-internet.jpg\",\"width\":2000,\"height\":2000},{\"@type\":\"BreadcrumbList\",\"@id\":\"https:\\\/\\\/www.odense.fr\\\/es\\\/producto\\\/collar-element-fuego\\\/#breadcrumb\",\"itemListElement\":[{\"@type\":\"ListItem\",\"position\":1,\"name\":\"Accueil\",\"item\":\"https:\\\/\\\/www.odense.fr\\\/es\\\/\"},{\"@type\":\"ListItem\",\"position\":2,\"name\":\"Productos\",\"item\":\"https:\\\/\\\/www.odense.fr\\\/es\\\/shop\\\/\"},{\"@type\":\"ListItem\",\"position\":3,\"name\":\"Collar Element Fuego\"}]},{\"@type\":\"WebSite\",\"@id\":\"https:\\\/\\\/www.odense.fr\\\/es\\\/#website\",\"url\":\"https:\\\/\\\/www.odense.fr\\\/es\\\/\",\"name\":\"Odense\",\"description\":\"Retrouvez notre gamme de bijoux\",\"publisher\":{\"@id\":\"https:\\\/\\\/www.odense.fr\\\/es\\\/#organization\"},\"potentialAction\":[{\"@type\":\"SearchAction\",\"target\":{\"@type\":\"EntryPoint\",\"urlTemplate\":\"https:\\\/\\\/www.odense.fr\\\/es\\\/?s={search_term_string}\"},\"query-input\":{\"@type\":\"PropertyValueSpecification\",\"valueRequired\":true,\"valueName\":\"search_term_string\"}}],\"inLanguage\":\"es\"},{\"@type\":\"Organization\",\"@id\":\"https:\\\/\\\/www.odense.fr\\\/es\\\/#organization\",\"name\":\"ODENSE\",\"url\":\"https:\\\/\\\/www.odense.fr\\\/es\\\/\",\"logo\":{\"@type\":\"ImageObject\",\"inLanguage\":\"es\",\"@id\":\"https:\\\/\\\/www.odense.fr\\\/es\\\/#\\\/schema\\\/logo\\\/image\\\/\",\"url\":\"https:\\\/\\\/www.odense.fr\\\/wp-content\\\/uploads\\\/2020\\\/09\\\/Logo-Odense-Final-l-01@3x.png\",\"contentUrl\":\"https:\\\/\\\/www.odense.fr\\\/wp-content\\\/uploads\\\/2020\\\/09\\\/Logo-Odense-Final-l-01@3x.png\",\"width\":2560,\"height\":949,\"caption\":\"ODENSE\"},\"image\":{\"@id\":\"https:\\\/\\\/www.odense.fr\\\/es\\\/#\\\/schema\\\/logo\\\/image\\\/\"}}]}<\/script>\n<!-- \/ Yoast SEO plugin. -->","yoast_head_json":{"title":"Collar Element Fuego - Odense","description":"Como un talism\u00e1n, los collares de la nueva colecci\u00f3n Element irradian sus ondas positivas con la acumulaci\u00f3n de finas piedras asociadas al brillo del oro ba\u00f1ado. Haci\u00e9ndose eco de los cuatro elementos, estas joyas est\u00e1n llenas de energ\u00eda y te preparan para un invierno alegre y luminoso.","robots":{"index":"index","follow":"follow","max-snippet":"max-snippet:-1","max-image-preview":"max-image-preview:large","max-video-preview":"max-video-preview:-1"},"canonical":"https:\/\/www.odense.fr\/es\/producto\/collar-element-fuego\/","og_locale":"es_ES","og_type":"article","og_title":"Collar Element Fuego - Odense","og_description":"Como un talism\u00e1n, los collares de la nueva colecci\u00f3n Element irradian sus ondas positivas con la acumulaci\u00f3n de finas piedras asociadas al brillo del oro ba\u00f1ado. Haci\u00e9ndose eco de los cuatro elementos, estas joyas est\u00e1n llenas de energ\u00eda y te preparan para un invierno alegre y luminoso.","og_url":"https:\/\/www.odense.fr\/es\/producto\/collar-element-fuego\/","og_site_name":"Odense","article_modified_time":"2023-12-09T07:28:33+00:00","og_image":[{"width":2000,"height":2000,"url":"https:\/\/www.odense.fr\/wp-content\/uploads\/2022\/09\/Collier-Fire-pose-site-internet.jpg","type":"image\/jpeg"}],"twitter_card":"summary_large_image","twitter_misc":{"Tiempo de lectura":"1 minuto"},"schema":{"@context":"https:\/\/schema.org","@graph":[{"@type":"WebPage","@id":"https:\/\/www.odense.fr\/es\/producto\/collar-element-fuego\/","url":"https:\/\/www.odense.fr\/es\/producto\/collar-element-fuego\/","name":"Collar Element Fuego - Odense","isPartOf":{"@id":"https:\/\/www.odense.fr\/es\/#website"},"primaryImageOfPage":{"@id":"https:\/\/www.odense.fr\/es\/producto\/collar-element-fuego\/#primaryimage"},"image":{"@id":"https:\/\/www.odense.fr\/es\/producto\/collar-element-fuego\/#primaryimage"},"thumbnailUrl":"https:\/\/www.odense.fr\/wp-content\/uploads\/2022\/09\/Collier-Fire-pose-site-internet.jpg","datePublished":"2022-09-28T21:35:35+00:00","dateModified":"2023-12-09T07:28:33+00:00","description":"Como un talism\u00e1n, los collares de la nueva colecci\u00f3n Element irradian sus ondas positivas con la acumulaci\u00f3n de finas piedras asociadas al brillo del oro ba\u00f1ado. Haci\u00e9ndose eco de los cuatro elementos, estas joyas est\u00e1n llenas de energ\u00eda y te preparan para un invierno alegre y luminoso.","breadcrumb":{"@id":"https:\/\/www.odense.fr\/es\/producto\/collar-element-fuego\/#breadcrumb"},"inLanguage":"es","potentialAction":[{"@type":"ReadAction","target":["https:\/\/www.odense.fr\/es\/producto\/collar-element-fuego\/"]}]},{"@type":"ImageObject","inLanguage":"es","@id":"https:\/\/www.odense.fr\/es\/producto\/collar-element-fuego\/#primaryimage","url":"https:\/\/www.odense.fr\/wp-content\/uploads\/2022\/09\/Collier-Fire-pose-site-internet.jpg","contentUrl":"https:\/\/www.odense.fr\/wp-content\/uploads\/2022\/09\/Collier-Fire-pose-site-internet.jpg","width":2000,"height":2000},{"@type":"BreadcrumbList","@id":"https:\/\/www.odense.fr\/es\/producto\/collar-element-fuego\/#breadcrumb","itemListElement":[{"@type":"ListItem","position":1,"name":"Accueil","item":"https:\/\/www.odense.fr\/es\/"},{"@type":"ListItem","position":2,"name":"Productos","item":"https:\/\/www.odense.fr\/es\/shop\/"},{"@type":"ListItem","position":3,"name":"Collar Element Fuego"}]},{"@type":"WebSite","@id":"https:\/\/www.odense.fr\/es\/#website","url":"https:\/\/www.odense.fr\/es\/","name":"Odense","description":"Retrouvez notre gamme de bijoux","publisher":{"@id":"https:\/\/www.odense.fr\/es\/#organization"},"potentialAction":[{"@type":"SearchAction","target":{"@type":"EntryPoint","urlTemplate":"https:\/\/www.odense.fr\/es\/?s={search_term_string}"},"query-input":{"@type":"PropertyValueSpecification","valueRequired":true,"valueName":"search_term_string"}}],"inLanguage":"es"},{"@type":"Organization","@id":"https:\/\/www.odense.fr\/es\/#organization","name":"ODENSE","url":"https:\/\/www.odense.fr\/es\/","logo":{"@type":"ImageObject","inLanguage":"es","@id":"https:\/\/www.odense.fr\/es\/#\/schema\/logo\/image\/","url":"https:\/\/www.odense.fr\/wp-content\/uploads\/2020\/09\/Logo-Odense-Final-l-01@3x.png","contentUrl":"https:\/\/www.odense.fr\/wp-content\/uploads\/2020\/09\/Logo-Odense-Final-l-01@3x.png","width":2560,"height":949,"caption":"ODENSE"},"image":{"@id":"https:\/\/www.odense.fr\/es\/#\/schema\/logo\/image\/"}}]}},"_links":{"self":[{"href":"https:\/\/www.odense.fr\/es\/wp-json\/wp\/v2\/product\/5870","targetHints":{"allow":["GET"]}}],"collection":[{"href":"https:\/\/www.odense.fr\/es\/wp-json\/wp\/v2\/product"}],"about":[{"href":"https:\/\/www.odense.fr\/es\/wp-json\/wp\/v2\/types\/product"}],"replies":[{"embeddable":true,"href":"https:\/\/www.odense.fr\/es\/wp-json\/wp\/v2\/comments?post=5870"}],"wp:featuredmedia":[{"embeddable":true,"href":"https:\/\/www.odense.fr\/es\/wp-json\/wp\/v2\/media\/5853"}],"wp:attachment":[{"href":"https:\/\/www.odense.fr\/es\/wp-json\/wp\/v2\/media?parent=5870"}],"wp:term":[{"taxonomy":"product_brand","embeddable":true,"href":"https:\/\/www.odense.fr\/es\/wp-json\/wp\/v2\/product_brand?post=5870"},{"taxonomy":"product_cat","embeddable":true,"href":"https:\/\/www.odense.fr\/es\/wp-json\/wp\/v2\/product_cat?post=5870"},{"taxonomy":"product_tag","embeddable":true,"href":"https:\/\/www.odense.fr\/es\/wp-json\/wp\/v2\/product_tag?post=5870"}],"curies":[{"name":"wp","href":"https:\/\/api.w.org\/{rel}","templated":true}]}}