{"id":4507,"date":"2022-02-23T20:08:31","date_gmt":"2022-02-24T19:21:21","guid":{"rendered":"https:\/\/www.odense.fr\/?post_type=product&#038;p=4507"},"modified":"2022-03-26T10:00:02","modified_gmt":"2022-03-26T09:00:02","slug":"etoile-pulsera-de-cuarzo-rosa","status":"publish","type":"product","link":"https:\/\/www.odense.fr\/es\/producto\/etoile-pulsera-de-cuarzo-rosa\/","title":{"rendered":"Brazalete Etoile cuarzo rosa"},"content":{"rendered":"<p>Pulsera ba\u00f1ada en oro realzada con una piedra de cuarzo rosa y un bonito dije redondo martillado. \u00cdntima y discreta, la colecci\u00f3n Etoile se ha convertido en un imprescindible para la marca. Pulsera ajustable. A coordinar con el collar y el anillo Etoile en cuarzo rosa.<\/p>\n","protected":false},"excerpt":{"rendered":"<p>Pulsera ba\u00f1ada en oro realzada con una piedra de cuarzo rosa y un bonito dije redondo martillado. \u00cdntima y discreta, la colecci\u00f3n Etoile se ha convertido en un imprescindible para la marca. Pulsera ajustable. A coordinar con el collar y el anillo Etoile en cuarzo rosa.<\/p>\n","protected":false},"featured_media":4501,"comment_status":"open","ping_status":"closed","template":"","meta":{"_acf_changed":false},"product_brand":[],"product_cat":[81],"product_tag":[137],"class_list":{"0":"post-4507","1":"product","2":"type-product","3":"status-publish","4":"has-post-thumbnail","6":"product_cat-brazaletes","7":"product_tag-cuarzo-rosa","9":"first","10":"instock","11":"taxable","12":"shipping-taxable","13":"purchasable","14":"product-type-simple"},"acf":[],"yoast_head":"<!-- This site is optimized with the Yoast SEO plugin v27.5 - https:\/\/yoast.com\/product\/yoast-seo-wordpress\/ -->\n<title>Brazalete Etoile cuarzo rosa - Odense<\/title>\n<meta name=\"description\" content=\"Pulsera ba\u00f1ada en oro realzada con una piedra de cuarzo rosa y un bonito dije redondo martillado. \u00cdntima y discreta, la colecci\u00f3n Etoile se ha convertido en un imprescindible para la marca.\" \/>\n<meta name=\"robots\" content=\"index, follow, max-snippet:-1, max-image-preview:large, max-video-preview:-1\" \/>\n<link rel=\"canonical\" href=\"https:\/\/www.odense.fr\/es\/producto\/etoile-pulsera-de-cuarzo-rosa\/\" \/>\n<meta property=\"og:locale\" content=\"es_ES\" \/>\n<meta property=\"og:type\" content=\"article\" \/>\n<meta property=\"og:title\" content=\"Brazalete Etoile cuarzo rosa - Odense\" \/>\n<meta property=\"og:description\" content=\"Pulsera ba\u00f1ada en oro realzada con una piedra de cuarzo rosa y un bonito dije redondo martillado. \u00cdntima y discreta, la colecci\u00f3n Etoile se ha convertido en un imprescindible para la marca.\" \/>\n<meta property=\"og:url\" content=\"https:\/\/www.odense.fr\/es\/producto\/etoile-pulsera-de-cuarzo-rosa\/\" \/>\n<meta property=\"og:site_name\" content=\"Odense\" \/>\n<meta property=\"article:modified_time\" content=\"2022-03-26T09:00:02+00:00\" \/>\n<meta property=\"og:image\" content=\"https:\/\/www.odense.fr\/wp-content\/uploads\/2022\/02\/Bracelet-quartz-rose-pose.jpg\" \/>\n\t<meta property=\"og:image:width\" content=\"2000\" \/>\n\t<meta property=\"og:image:height\" content=\"2000\" \/>\n\t<meta property=\"og:image:type\" content=\"image\/jpeg\" \/>\n<meta name=\"twitter:card\" content=\"summary_large_image\" \/>\n<script type=\"application\/ld+json\" class=\"yoast-schema-graph\">{\"@context\":\"https:\\\/\\\/schema.org\",\"@graph\":[{\"@type\":\"WebPage\",\"@id\":\"https:\\\/\\\/www.odense.fr\\\/es\\\/producto\\\/etoile-pulsera-de-cuarzo-rosa\\\/\",\"url\":\"https:\\\/\\\/www.odense.fr\\\/es\\\/producto\\\/etoile-pulsera-de-cuarzo-rosa\\\/\",\"name\":\"Brazalete Etoile cuarzo rosa - Odense\",\"isPartOf\":{\"@id\":\"https:\\\/\\\/www.odense.fr\\\/es\\\/#website\"},\"primaryImageOfPage\":{\"@id\":\"https:\\\/\\\/www.odense.fr\\\/es\\\/producto\\\/etoile-pulsera-de-cuarzo-rosa\\\/#primaryimage\"},\"image\":{\"@id\":\"https:\\\/\\\/www.odense.fr\\\/es\\\/producto\\\/etoile-pulsera-de-cuarzo-rosa\\\/#primaryimage\"},\"thumbnailUrl\":\"https:\\\/\\\/www.odense.fr\\\/wp-content\\\/uploads\\\/2022\\\/02\\\/Bracelet-quartz-rose-pose.jpg\",\"datePublished\":\"2022-02-24T19:21:21+00:00\",\"dateModified\":\"2022-03-26T09:00:02+00:00\",\"description\":\"Pulsera ba\u00f1ada en oro realzada con una piedra de cuarzo rosa y un bonito dije redondo martillado. \u00cdntima y discreta, la colecci\u00f3n Etoile se ha convertido en un imprescindible para la marca.\",\"breadcrumb\":{\"@id\":\"https:\\\/\\\/www.odense.fr\\\/es\\\/producto\\\/etoile-pulsera-de-cuarzo-rosa\\\/#breadcrumb\"},\"inLanguage\":\"es\",\"potentialAction\":[{\"@type\":\"ReadAction\",\"target\":[\"https:\\\/\\\/www.odense.fr\\\/es\\\/producto\\\/etoile-pulsera-de-cuarzo-rosa\\\/\"]}]},{\"@type\":\"ImageObject\",\"inLanguage\":\"es\",\"@id\":\"https:\\\/\\\/www.odense.fr\\\/es\\\/producto\\\/etoile-pulsera-de-cuarzo-rosa\\\/#primaryimage\",\"url\":\"https:\\\/\\\/www.odense.fr\\\/wp-content\\\/uploads\\\/2022\\\/02\\\/Bracelet-quartz-rose-pose.jpg\",\"contentUrl\":\"https:\\\/\\\/www.odense.fr\\\/wp-content\\\/uploads\\\/2022\\\/02\\\/Bracelet-quartz-rose-pose.jpg\",\"width\":2000,\"height\":2000},{\"@type\":\"BreadcrumbList\",\"@id\":\"https:\\\/\\\/www.odense.fr\\\/es\\\/producto\\\/etoile-pulsera-de-cuarzo-rosa\\\/#breadcrumb\",\"itemListElement\":[{\"@type\":\"ListItem\",\"position\":1,\"name\":\"Accueil\",\"item\":\"https:\\\/\\\/www.odense.fr\\\/es\\\/\"},{\"@type\":\"ListItem\",\"position\":2,\"name\":\"Productos\",\"item\":\"https:\\\/\\\/www.odense.fr\\\/es\\\/shop\\\/\"},{\"@type\":\"ListItem\",\"position\":3,\"name\":\"Brazalete Etoile cuarzo rosa\"}]},{\"@type\":\"WebSite\",\"@id\":\"https:\\\/\\\/www.odense.fr\\\/es\\\/#website\",\"url\":\"https:\\\/\\\/www.odense.fr\\\/es\\\/\",\"name\":\"Odense\",\"description\":\"Retrouvez notre gamme de bijoux\",\"publisher\":{\"@id\":\"https:\\\/\\\/www.odense.fr\\\/es\\\/#organization\"},\"potentialAction\":[{\"@type\":\"SearchAction\",\"target\":{\"@type\":\"EntryPoint\",\"urlTemplate\":\"https:\\\/\\\/www.odense.fr\\\/es\\\/?s={search_term_string}\"},\"query-input\":{\"@type\":\"PropertyValueSpecification\",\"valueRequired\":true,\"valueName\":\"search_term_string\"}}],\"inLanguage\":\"es\"},{\"@type\":\"Organization\",\"@id\":\"https:\\\/\\\/www.odense.fr\\\/es\\\/#organization\",\"name\":\"ODENSE\",\"url\":\"https:\\\/\\\/www.odense.fr\\\/es\\\/\",\"logo\":{\"@type\":\"ImageObject\",\"inLanguage\":\"es\",\"@id\":\"https:\\\/\\\/www.odense.fr\\\/es\\\/#\\\/schema\\\/logo\\\/image\\\/\",\"url\":\"https:\\\/\\\/www.odense.fr\\\/wp-content\\\/uploads\\\/2020\\\/09\\\/Logo-Odense-Final-l-01@3x.png\",\"contentUrl\":\"https:\\\/\\\/www.odense.fr\\\/wp-content\\\/uploads\\\/2020\\\/09\\\/Logo-Odense-Final-l-01@3x.png\",\"width\":2560,\"height\":949,\"caption\":\"ODENSE\"},\"image\":{\"@id\":\"https:\\\/\\\/www.odense.fr\\\/es\\\/#\\\/schema\\\/logo\\\/image\\\/\"}}]}<\/script>\n<!-- \/ Yoast SEO plugin. -->","yoast_head_json":{"title":"Brazalete Etoile cuarzo rosa - Odense","description":"Pulsera ba\u00f1ada en oro realzada con una piedra de cuarzo rosa y un bonito dije redondo martillado. \u00cdntima y discreta, la colecci\u00f3n Etoile se ha convertido en un imprescindible para la marca.","robots":{"index":"index","follow":"follow","max-snippet":"max-snippet:-1","max-image-preview":"max-image-preview:large","max-video-preview":"max-video-preview:-1"},"canonical":"https:\/\/www.odense.fr\/es\/producto\/etoile-pulsera-de-cuarzo-rosa\/","og_locale":"es_ES","og_type":"article","og_title":"Brazalete Etoile cuarzo rosa - Odense","og_description":"Pulsera ba\u00f1ada en oro realzada con una piedra de cuarzo rosa y un bonito dije redondo martillado. \u00cdntima y discreta, la colecci\u00f3n Etoile se ha convertido en un imprescindible para la marca.","og_url":"https:\/\/www.odense.fr\/es\/producto\/etoile-pulsera-de-cuarzo-rosa\/","og_site_name":"Odense","article_modified_time":"2022-03-26T09:00:02+00:00","og_image":[{"width":2000,"height":2000,"url":"https:\/\/www.odense.fr\/wp-content\/uploads\/2022\/02\/Bracelet-quartz-rose-pose.jpg","type":"image\/jpeg"}],"twitter_card":"summary_large_image","schema":{"@context":"https:\/\/schema.org","@graph":[{"@type":"WebPage","@id":"https:\/\/www.odense.fr\/es\/producto\/etoile-pulsera-de-cuarzo-rosa\/","url":"https:\/\/www.odense.fr\/es\/producto\/etoile-pulsera-de-cuarzo-rosa\/","name":"Brazalete Etoile cuarzo rosa - Odense","isPartOf":{"@id":"https:\/\/www.odense.fr\/es\/#website"},"primaryImageOfPage":{"@id":"https:\/\/www.odense.fr\/es\/producto\/etoile-pulsera-de-cuarzo-rosa\/#primaryimage"},"image":{"@id":"https:\/\/www.odense.fr\/es\/producto\/etoile-pulsera-de-cuarzo-rosa\/#primaryimage"},"thumbnailUrl":"https:\/\/www.odense.fr\/wp-content\/uploads\/2022\/02\/Bracelet-quartz-rose-pose.jpg","datePublished":"2022-02-24T19:21:21+00:00","dateModified":"2022-03-26T09:00:02+00:00","description":"Pulsera ba\u00f1ada en oro realzada con una piedra de cuarzo rosa y un bonito dije redondo martillado. \u00cdntima y discreta, la colecci\u00f3n Etoile se ha convertido en un imprescindible para la marca.","breadcrumb":{"@id":"https:\/\/www.odense.fr\/es\/producto\/etoile-pulsera-de-cuarzo-rosa\/#breadcrumb"},"inLanguage":"es","potentialAction":[{"@type":"ReadAction","target":["https:\/\/www.odense.fr\/es\/producto\/etoile-pulsera-de-cuarzo-rosa\/"]}]},{"@type":"ImageObject","inLanguage":"es","@id":"https:\/\/www.odense.fr\/es\/producto\/etoile-pulsera-de-cuarzo-rosa\/#primaryimage","url":"https:\/\/www.odense.fr\/wp-content\/uploads\/2022\/02\/Bracelet-quartz-rose-pose.jpg","contentUrl":"https:\/\/www.odense.fr\/wp-content\/uploads\/2022\/02\/Bracelet-quartz-rose-pose.jpg","width":2000,"height":2000},{"@type":"BreadcrumbList","@id":"https:\/\/www.odense.fr\/es\/producto\/etoile-pulsera-de-cuarzo-rosa\/#breadcrumb","itemListElement":[{"@type":"ListItem","position":1,"name":"Accueil","item":"https:\/\/www.odense.fr\/es\/"},{"@type":"ListItem","position":2,"name":"Productos","item":"https:\/\/www.odense.fr\/es\/shop\/"},{"@type":"ListItem","position":3,"name":"Brazalete Etoile cuarzo rosa"}]},{"@type":"WebSite","@id":"https:\/\/www.odense.fr\/es\/#website","url":"https:\/\/www.odense.fr\/es\/","name":"Odense","description":"Retrouvez notre gamme de bijoux","publisher":{"@id":"https:\/\/www.odense.fr\/es\/#organization"},"potentialAction":[{"@type":"SearchAction","target":{"@type":"EntryPoint","urlTemplate":"https:\/\/www.odense.fr\/es\/?s={search_term_string}"},"query-input":{"@type":"PropertyValueSpecification","valueRequired":true,"valueName":"search_term_string"}}],"inLanguage":"es"},{"@type":"Organization","@id":"https:\/\/www.odense.fr\/es\/#organization","name":"ODENSE","url":"https:\/\/www.odense.fr\/es\/","logo":{"@type":"ImageObject","inLanguage":"es","@id":"https:\/\/www.odense.fr\/es\/#\/schema\/logo\/image\/","url":"https:\/\/www.odense.fr\/wp-content\/uploads\/2020\/09\/Logo-Odense-Final-l-01@3x.png","contentUrl":"https:\/\/www.odense.fr\/wp-content\/uploads\/2020\/09\/Logo-Odense-Final-l-01@3x.png","width":2560,"height":949,"caption":"ODENSE"},"image":{"@id":"https:\/\/www.odense.fr\/es\/#\/schema\/logo\/image\/"}}]}},"_links":{"self":[{"href":"https:\/\/www.odense.fr\/es\/wp-json\/wp\/v2\/product\/4507","targetHints":{"allow":["GET"]}}],"collection":[{"href":"https:\/\/www.odense.fr\/es\/wp-json\/wp\/v2\/product"}],"about":[{"href":"https:\/\/www.odense.fr\/es\/wp-json\/wp\/v2\/types\/product"}],"replies":[{"embeddable":true,"href":"https:\/\/www.odense.fr\/es\/wp-json\/wp\/v2\/comments?post=4507"}],"wp:featuredmedia":[{"embeddable":true,"href":"https:\/\/www.odense.fr\/es\/wp-json\/wp\/v2\/media\/4501"}],"wp:attachment":[{"href":"https:\/\/www.odense.fr\/es\/wp-json\/wp\/v2\/media?parent=4507"}],"wp:term":[{"taxonomy":"product_brand","embeddable":true,"href":"https:\/\/www.odense.fr\/es\/wp-json\/wp\/v2\/product_brand?post=4507"},{"taxonomy":"product_cat","embeddable":true,"href":"https:\/\/www.odense.fr\/es\/wp-json\/wp\/v2\/product_cat?post=4507"},{"taxonomy":"product_tag","embeddable":true,"href":"https:\/\/www.odense.fr\/es\/wp-json\/wp\/v2\/product_tag?post=4507"}],"curies":[{"name":"wp","href":"https:\/\/api.w.org\/{rel}","templated":true}]}}