{"id":4456,"date":"2022-02-06T18:15:55","date_gmt":"2022-02-07T18:57:54","guid":{"rendered":"https:\/\/www.odense.fr\/?post_type=product&#038;p=4456"},"modified":"2022-02-07T20:12:59","modified_gmt":"2022-02-07T19:12:59","slug":"anillo-apogee","status":"publish","type":"product","link":"https:\/\/www.odense.fr\/es\/producto\/anillo-apogee\/","title":{"rendered":"Anillo Apog\u00e9e"},"content":{"rendered":"<p>La gama Apogee se ampl\u00eda con este bonito y sencillo anillo de inspiraci\u00f3n minimalista. Encontramos all\u00ed los bonitos reflejos iridiscentes de la piedra labradorita y la suavidad de la piedra de cuarzo rosa.<\/p>\n<p>Se puede combinar con el collar y la pulsera Apogee en labradorita y cuarzo rosa.<\/p>\n","protected":false},"excerpt":{"rendered":"<p>La gama Apogee se ampl\u00eda con este bonito y sencillo anillo de inspiraci\u00f3n minimalista. Encontramos all\u00ed los bonitos reflejos iridiscentes de la piedra labradorita y la suavidad de la piedra de cuarzo rosa. Se puede combinar con el collar y la pulsera Apogee en labradorita y cuarzo rosa.<\/p>\n","protected":false},"featured_media":4447,"comment_status":"open","ping_status":"closed","template":"","meta":{"_acf_changed":false},"product_brand":[],"product_cat":[163],"product_tag":[53,50],"class_list":{"0":"post-4456","1":"product","2":"type-product","3":"status-publish","4":"has-post-thumbnail","6":"product_cat-bagues","7":"product_tag-quartz-rose","8":"product_tag-labradorite","9":"pa_pierre-quartz-rose","10":"pa_pierre-labradorite","11":"pa_taille-168","12":"pa_taille-169","14":"first","15":"instock","16":"taxable","17":"shipping-taxable","18":"purchasable","19":"product-type-variable"},"acf":[],"yoast_head":"<!-- This site is optimized with the Yoast SEO plugin v27.5 - https:\/\/yoast.com\/product\/yoast-seo-wordpress\/ -->\n<title>Anillo Apog\u00e9e - Odense<\/title>\n<meta name=\"description\" content=\"La gama Apogee se ampl\u00eda con este bonito y sencillo anillo de inspiraci\u00f3n minimalista. Encontramos all\u00ed los bonitos reflejos iridiscentes de la piedra labradorita y la suavidad de la piedra de cuarzo rosa.\" \/>\n<meta name=\"robots\" content=\"index, follow, max-snippet:-1, max-image-preview:large, max-video-preview:-1\" \/>\n<link rel=\"canonical\" href=\"https:\/\/www.odense.fr\/es\/producto\/anillo-apogee\/\" \/>\n<meta property=\"og:locale\" content=\"es_ES\" \/>\n<meta property=\"og:type\" content=\"article\" \/>\n<meta property=\"og:title\" content=\"Anillo Apog\u00e9e - Odense\" \/>\n<meta property=\"og:description\" content=\"La gama Apogee se ampl\u00eda con este bonito y sencillo anillo de inspiraci\u00f3n minimalista. Encontramos all\u00ed los bonitos reflejos iridiscentes de la piedra labradorita y la suavidad de la piedra de cuarzo rosa.\" \/>\n<meta property=\"og:url\" content=\"https:\/\/www.odense.fr\/es\/producto\/anillo-apogee\/\" \/>\n<meta property=\"og:site_name\" content=\"Odense\" \/>\n<meta property=\"article:modified_time\" content=\"2022-02-07T19:12:59+00:00\" \/>\n<meta property=\"og:image\" content=\"https:\/\/www.odense.fr\/wp-content\/uploads\/2022\/02\/bagues-apogee-2-couleurs-2.jpg\" \/>\n\t<meta property=\"og:image:width\" content=\"2000\" \/>\n\t<meta property=\"og:image:height\" content=\"2000\" \/>\n\t<meta property=\"og:image:type\" content=\"image\/jpeg\" \/>\n<meta name=\"twitter:card\" content=\"summary_large_image\" \/>\n<script type=\"application\/ld+json\" class=\"yoast-schema-graph\">{\"@context\":\"https:\\\/\\\/schema.org\",\"@graph\":[{\"@type\":\"WebPage\",\"@id\":\"https:\\\/\\\/www.odense.fr\\\/es\\\/producto\\\/anillo-apogee\\\/\",\"url\":\"https:\\\/\\\/www.odense.fr\\\/es\\\/producto\\\/anillo-apogee\\\/\",\"name\":\"Anillo Apog\u00e9e - Odense\",\"isPartOf\":{\"@id\":\"https:\\\/\\\/www.odense.fr\\\/es\\\/#website\"},\"primaryImageOfPage\":{\"@id\":\"https:\\\/\\\/www.odense.fr\\\/es\\\/producto\\\/anillo-apogee\\\/#primaryimage\"},\"image\":{\"@id\":\"https:\\\/\\\/www.odense.fr\\\/es\\\/producto\\\/anillo-apogee\\\/#primaryimage\"},\"thumbnailUrl\":\"https:\\\/\\\/www.odense.fr\\\/wp-content\\\/uploads\\\/2022\\\/02\\\/bagues-apogee-2-couleurs-2.jpg\",\"datePublished\":\"2022-02-07T18:57:54+00:00\",\"dateModified\":\"2022-02-07T19:12:59+00:00\",\"description\":\"La gama Apogee se ampl\u00eda con este bonito y sencillo anillo de inspiraci\u00f3n minimalista. Encontramos all\u00ed los bonitos reflejos iridiscentes de la piedra labradorita y la suavidad de la piedra de cuarzo rosa.\",\"breadcrumb\":{\"@id\":\"https:\\\/\\\/www.odense.fr\\\/es\\\/producto\\\/anillo-apogee\\\/#breadcrumb\"},\"inLanguage\":\"es\",\"potentialAction\":[{\"@type\":\"ReadAction\",\"target\":[\"https:\\\/\\\/www.odense.fr\\\/es\\\/producto\\\/anillo-apogee\\\/\"]}]},{\"@type\":\"ImageObject\",\"inLanguage\":\"es\",\"@id\":\"https:\\\/\\\/www.odense.fr\\\/es\\\/producto\\\/anillo-apogee\\\/#primaryimage\",\"url\":\"https:\\\/\\\/www.odense.fr\\\/wp-content\\\/uploads\\\/2022\\\/02\\\/bagues-apogee-2-couleurs-2.jpg\",\"contentUrl\":\"https:\\\/\\\/www.odense.fr\\\/wp-content\\\/uploads\\\/2022\\\/02\\\/bagues-apogee-2-couleurs-2.jpg\",\"width\":2000,\"height\":2000},{\"@type\":\"BreadcrumbList\",\"@id\":\"https:\\\/\\\/www.odense.fr\\\/es\\\/producto\\\/anillo-apogee\\\/#breadcrumb\",\"itemListElement\":[{\"@type\":\"ListItem\",\"position\":1,\"name\":\"Accueil\",\"item\":\"https:\\\/\\\/www.odense.fr\\\/es\\\/\"},{\"@type\":\"ListItem\",\"position\":2,\"name\":\"Productos\",\"item\":\"https:\\\/\\\/www.odense.fr\\\/es\\\/shop\\\/\"},{\"@type\":\"ListItem\",\"position\":3,\"name\":\"Anillo Apog\u00e9e\"}]},{\"@type\":\"WebSite\",\"@id\":\"https:\\\/\\\/www.odense.fr\\\/es\\\/#website\",\"url\":\"https:\\\/\\\/www.odense.fr\\\/es\\\/\",\"name\":\"Odense\",\"description\":\"Retrouvez notre gamme de bijoux\",\"publisher\":{\"@id\":\"https:\\\/\\\/www.odense.fr\\\/es\\\/#organization\"},\"potentialAction\":[{\"@type\":\"SearchAction\",\"target\":{\"@type\":\"EntryPoint\",\"urlTemplate\":\"https:\\\/\\\/www.odense.fr\\\/es\\\/?s={search_term_string}\"},\"query-input\":{\"@type\":\"PropertyValueSpecification\",\"valueRequired\":true,\"valueName\":\"search_term_string\"}}],\"inLanguage\":\"es\"},{\"@type\":\"Organization\",\"@id\":\"https:\\\/\\\/www.odense.fr\\\/es\\\/#organization\",\"name\":\"ODENSE\",\"url\":\"https:\\\/\\\/www.odense.fr\\\/es\\\/\",\"logo\":{\"@type\":\"ImageObject\",\"inLanguage\":\"es\",\"@id\":\"https:\\\/\\\/www.odense.fr\\\/es\\\/#\\\/schema\\\/logo\\\/image\\\/\",\"url\":\"https:\\\/\\\/www.odense.fr\\\/wp-content\\\/uploads\\\/2020\\\/09\\\/Logo-Odense-Final-l-01@3x.png\",\"contentUrl\":\"https:\\\/\\\/www.odense.fr\\\/wp-content\\\/uploads\\\/2020\\\/09\\\/Logo-Odense-Final-l-01@3x.png\",\"width\":2560,\"height\":949,\"caption\":\"ODENSE\"},\"image\":{\"@id\":\"https:\\\/\\\/www.odense.fr\\\/es\\\/#\\\/schema\\\/logo\\\/image\\\/\"}}]}<\/script>\n<!-- \/ Yoast SEO plugin. -->","yoast_head_json":{"title":"Anillo Apog\u00e9e - Odense","description":"La gama Apogee se ampl\u00eda con este bonito y sencillo anillo de inspiraci\u00f3n minimalista. Encontramos all\u00ed los bonitos reflejos iridiscentes de la piedra labradorita y la suavidad de la piedra de cuarzo rosa.","robots":{"index":"index","follow":"follow","max-snippet":"max-snippet:-1","max-image-preview":"max-image-preview:large","max-video-preview":"max-video-preview:-1"},"canonical":"https:\/\/www.odense.fr\/es\/producto\/anillo-apogee\/","og_locale":"es_ES","og_type":"article","og_title":"Anillo Apog\u00e9e - Odense","og_description":"La gama Apogee se ampl\u00eda con este bonito y sencillo anillo de inspiraci\u00f3n minimalista. Encontramos all\u00ed los bonitos reflejos iridiscentes de la piedra labradorita y la suavidad de la piedra de cuarzo rosa.","og_url":"https:\/\/www.odense.fr\/es\/producto\/anillo-apogee\/","og_site_name":"Odense","article_modified_time":"2022-02-07T19:12:59+00:00","og_image":[{"width":2000,"height":2000,"url":"https:\/\/www.odense.fr\/wp-content\/uploads\/2022\/02\/bagues-apogee-2-couleurs-2.jpg","type":"image\/jpeg"}],"twitter_card":"summary_large_image","schema":{"@context":"https:\/\/schema.org","@graph":[{"@type":"WebPage","@id":"https:\/\/www.odense.fr\/es\/producto\/anillo-apogee\/","url":"https:\/\/www.odense.fr\/es\/producto\/anillo-apogee\/","name":"Anillo Apog\u00e9e - Odense","isPartOf":{"@id":"https:\/\/www.odense.fr\/es\/#website"},"primaryImageOfPage":{"@id":"https:\/\/www.odense.fr\/es\/producto\/anillo-apogee\/#primaryimage"},"image":{"@id":"https:\/\/www.odense.fr\/es\/producto\/anillo-apogee\/#primaryimage"},"thumbnailUrl":"https:\/\/www.odense.fr\/wp-content\/uploads\/2022\/02\/bagues-apogee-2-couleurs-2.jpg","datePublished":"2022-02-07T18:57:54+00:00","dateModified":"2022-02-07T19:12:59+00:00","description":"La gama Apogee se ampl\u00eda con este bonito y sencillo anillo de inspiraci\u00f3n minimalista. Encontramos all\u00ed los bonitos reflejos iridiscentes de la piedra labradorita y la suavidad de la piedra de cuarzo rosa.","breadcrumb":{"@id":"https:\/\/www.odense.fr\/es\/producto\/anillo-apogee\/#breadcrumb"},"inLanguage":"es","potentialAction":[{"@type":"ReadAction","target":["https:\/\/www.odense.fr\/es\/producto\/anillo-apogee\/"]}]},{"@type":"ImageObject","inLanguage":"es","@id":"https:\/\/www.odense.fr\/es\/producto\/anillo-apogee\/#primaryimage","url":"https:\/\/www.odense.fr\/wp-content\/uploads\/2022\/02\/bagues-apogee-2-couleurs-2.jpg","contentUrl":"https:\/\/www.odense.fr\/wp-content\/uploads\/2022\/02\/bagues-apogee-2-couleurs-2.jpg","width":2000,"height":2000},{"@type":"BreadcrumbList","@id":"https:\/\/www.odense.fr\/es\/producto\/anillo-apogee\/#breadcrumb","itemListElement":[{"@type":"ListItem","position":1,"name":"Accueil","item":"https:\/\/www.odense.fr\/es\/"},{"@type":"ListItem","position":2,"name":"Productos","item":"https:\/\/www.odense.fr\/es\/shop\/"},{"@type":"ListItem","position":3,"name":"Anillo Apog\u00e9e"}]},{"@type":"WebSite","@id":"https:\/\/www.odense.fr\/es\/#website","url":"https:\/\/www.odense.fr\/es\/","name":"Odense","description":"Retrouvez notre gamme de bijoux","publisher":{"@id":"https:\/\/www.odense.fr\/es\/#organization"},"potentialAction":[{"@type":"SearchAction","target":{"@type":"EntryPoint","urlTemplate":"https:\/\/www.odense.fr\/es\/?s={search_term_string}"},"query-input":{"@type":"PropertyValueSpecification","valueRequired":true,"valueName":"search_term_string"}}],"inLanguage":"es"},{"@type":"Organization","@id":"https:\/\/www.odense.fr\/es\/#organization","name":"ODENSE","url":"https:\/\/www.odense.fr\/es\/","logo":{"@type":"ImageObject","inLanguage":"es","@id":"https:\/\/www.odense.fr\/es\/#\/schema\/logo\/image\/","url":"https:\/\/www.odense.fr\/wp-content\/uploads\/2020\/09\/Logo-Odense-Final-l-01@3x.png","contentUrl":"https:\/\/www.odense.fr\/wp-content\/uploads\/2020\/09\/Logo-Odense-Final-l-01@3x.png","width":2560,"height":949,"caption":"ODENSE"},"image":{"@id":"https:\/\/www.odense.fr\/es\/#\/schema\/logo\/image\/"}}]}},"_links":{"self":[{"href":"https:\/\/www.odense.fr\/es\/wp-json\/wp\/v2\/product\/4456","targetHints":{"allow":["GET"]}}],"collection":[{"href":"https:\/\/www.odense.fr\/es\/wp-json\/wp\/v2\/product"}],"about":[{"href":"https:\/\/www.odense.fr\/es\/wp-json\/wp\/v2\/types\/product"}],"replies":[{"embeddable":true,"href":"https:\/\/www.odense.fr\/es\/wp-json\/wp\/v2\/comments?post=4456"}],"wp:featuredmedia":[{"embeddable":true,"href":"https:\/\/www.odense.fr\/es\/wp-json\/wp\/v2\/media\/4447"}],"wp:attachment":[{"href":"https:\/\/www.odense.fr\/es\/wp-json\/wp\/v2\/media?parent=4456"}],"wp:term":[{"taxonomy":"product_brand","embeddable":true,"href":"https:\/\/www.odense.fr\/es\/wp-json\/wp\/v2\/product_brand?post=4456"},{"taxonomy":"product_cat","embeddable":true,"href":"https:\/\/www.odense.fr\/es\/wp-json\/wp\/v2\/product_cat?post=4456"},{"taxonomy":"product_tag","embeddable":true,"href":"https:\/\/www.odense.fr\/es\/wp-json\/wp\/v2\/product_tag?post=4456"}],"curies":[{"name":"wp","href":"https:\/\/api.w.org\/{rel}","templated":true}]}}