{"id":3110,"date":"2020-11-29T11:06:33","date_gmt":"2020-11-29T11:06:33","guid":{"rendered":"https:\/\/www.odense.fr\/produit\/collar-astre-acuario\/"},"modified":"2021-12-02T00:00:54","modified_gmt":"2021-12-02T00:00:54","slug":"collar-astre-acuario","status":"publish","type":"product","link":"https:\/\/www.odense.fr\/es\/producto\/collar-astre-acuario\/","title":{"rendered":"Collar Astre Acuario"},"content":{"rendered":"<p>\u00a1Cu\u00e1nta originalidad con este collar doble en cadena de rect\u00e1ngulos y cadena corde! Est\u00e1 adornado con piedras semipreciosas naturales y con un colgante redondo con un signo zodiacal en un fondo estriado. Cierre de dos aros corredizos.<\/p>\n<p>\u00bfQuiere regalarse una joya relacionada con su signo zodiacal? Los collares Astral le gustar\u00e1n. \u00a1Para regalar o regalarse! Y se combinan igualmente de maravilla con el brazalete Astre Acuario.<\/p>\n","protected":false},"excerpt":{"rendered":"<p>\u00a1Cu\u00e1nta originalidad con este collar doble en cadena de rect\u00e1ngulos y cadena corde! Est\u00e1 adornado con piedras semipreciosas naturales y con un colgante redondo con un signo zodiacal en un fondo estriado. Cierre de dos aros corredizos. \u00bfQuiere regalarse una joya relacionada con su signo zodiacal? Los collares Astral le gustar\u00e1n. \u00a1Para regalar o regalarse! [&hellip;]<\/p>\n","protected":false},"featured_media":4798,"comment_status":"open","ping_status":"closed","template":"","meta":{"_acf_changed":false},"product_brand":[],"product_cat":[83],"product_tag":[113,125],"class_list":{"0":"post-3110","1":"product","2":"type-product","3":"status-publish","4":"has-post-thumbnail","6":"product_cat-collares","7":"product_tag-labradorita","8":"product_tag-piedra-de-luna","10":"first","11":"instock","12":"taxable","13":"shipping-taxable","14":"purchasable","15":"product-type-simple"},"acf":[],"yoast_head":"<!-- This site is optimized with the Yoast SEO plugin v27.5 - https:\/\/yoast.com\/product\/yoast-seo-wordpress\/ -->\n<title>Collar Astre Acuario - Odense<\/title>\n<meta name=\"robots\" content=\"index, follow, max-snippet:-1, max-image-preview:large, max-video-preview:-1\" \/>\n<link rel=\"canonical\" href=\"https:\/\/www.odense.fr\/es\/producto\/collar-astre-acuario\/\" \/>\n<meta property=\"og:locale\" content=\"es_ES\" \/>\n<meta property=\"og:type\" content=\"article\" \/>\n<meta property=\"og:title\" content=\"Collar Astre Acuario - Odense\" \/>\n<meta property=\"og:description\" content=\"\u00a1Cu\u00e1nta originalidad con este collar doble en cadena de rect\u00e1ngulos y cadena corde! Est\u00e1 adornado con piedras semipreciosas naturales y con un colgante redondo con un signo zodiacal en un fondo estriado. Cierre de dos aros corredizos. \u00bfQuiere regalarse una joya relacionada con su signo zodiacal? Los collares Astral le gustar\u00e1n. \u00a1Para regalar o regalarse! [&hellip;]\" \/>\n<meta property=\"og:url\" content=\"https:\/\/www.odense.fr\/es\/producto\/collar-astre-acuario\/\" \/>\n<meta property=\"og:site_name\" content=\"Odense\" \/>\n<meta property=\"article:modified_time\" content=\"2021-12-02T00:00:54+00:00\" \/>\n<meta property=\"og:image\" content=\"https:\/\/www.odense.fr\/wp-content\/uploads\/2020\/11\/Collier-Astre-Verseau-1-v3.jpg\" \/>\n\t<meta property=\"og:image:width\" content=\"1000\" \/>\n\t<meta property=\"og:image:height\" content=\"1000\" \/>\n\t<meta property=\"og:image:type\" content=\"image\/jpeg\" \/>\n<meta name=\"twitter:card\" content=\"summary_large_image\" \/>\n<script type=\"application\/ld+json\" class=\"yoast-schema-graph\">{\"@context\":\"https:\\\/\\\/schema.org\",\"@graph\":[{\"@type\":\"WebPage\",\"@id\":\"https:\\\/\\\/www.odense.fr\\\/es\\\/producto\\\/collar-astre-acuario\\\/\",\"url\":\"https:\\\/\\\/www.odense.fr\\\/es\\\/producto\\\/collar-astre-acuario\\\/\",\"name\":\"Collar Astre Acuario - Odense\",\"isPartOf\":{\"@id\":\"https:\\\/\\\/www.odense.fr\\\/es\\\/#website\"},\"primaryImageOfPage\":{\"@id\":\"https:\\\/\\\/www.odense.fr\\\/es\\\/producto\\\/collar-astre-acuario\\\/#primaryimage\"},\"image\":{\"@id\":\"https:\\\/\\\/www.odense.fr\\\/es\\\/producto\\\/collar-astre-acuario\\\/#primaryimage\"},\"thumbnailUrl\":\"https:\\\/\\\/www.odense.fr\\\/wp-content\\\/uploads\\\/2020\\\/11\\\/Collier-Astre-Verseau-recadre-v2.jpg\",\"datePublished\":\"2020-11-29T11:06:33+00:00\",\"dateModified\":\"2021-12-02T00:00:54+00:00\",\"breadcrumb\":{\"@id\":\"https:\\\/\\\/www.odense.fr\\\/es\\\/producto\\\/collar-astre-acuario\\\/#breadcrumb\"},\"inLanguage\":\"es\",\"potentialAction\":[{\"@type\":\"ReadAction\",\"target\":[\"https:\\\/\\\/www.odense.fr\\\/es\\\/producto\\\/collar-astre-acuario\\\/\"]}]},{\"@type\":\"ImageObject\",\"inLanguage\":\"es\",\"@id\":\"https:\\\/\\\/www.odense.fr\\\/es\\\/producto\\\/collar-astre-acuario\\\/#primaryimage\",\"url\":\"https:\\\/\\\/www.odense.fr\\\/wp-content\\\/uploads\\\/2020\\\/11\\\/Collier-Astre-Verseau-recadre-v2.jpg\",\"contentUrl\":\"https:\\\/\\\/www.odense.fr\\\/wp-content\\\/uploads\\\/2020\\\/11\\\/Collier-Astre-Verseau-recadre-v2.jpg\",\"width\":2000,\"height\":2000},{\"@type\":\"BreadcrumbList\",\"@id\":\"https:\\\/\\\/www.odense.fr\\\/es\\\/producto\\\/collar-astre-acuario\\\/#breadcrumb\",\"itemListElement\":[{\"@type\":\"ListItem\",\"position\":1,\"name\":\"Accueil\",\"item\":\"https:\\\/\\\/www.odense.fr\\\/es\\\/\"},{\"@type\":\"ListItem\",\"position\":2,\"name\":\"Productos\",\"item\":\"https:\\\/\\\/www.odense.fr\\\/es\\\/shop\\\/\"},{\"@type\":\"ListItem\",\"position\":3,\"name\":\"Collar Astre Acuario\"}]},{\"@type\":\"WebSite\",\"@id\":\"https:\\\/\\\/www.odense.fr\\\/es\\\/#website\",\"url\":\"https:\\\/\\\/www.odense.fr\\\/es\\\/\",\"name\":\"Odense\",\"description\":\"Retrouvez notre gamme de bijoux\",\"publisher\":{\"@id\":\"https:\\\/\\\/www.odense.fr\\\/es\\\/#organization\"},\"potentialAction\":[{\"@type\":\"SearchAction\",\"target\":{\"@type\":\"EntryPoint\",\"urlTemplate\":\"https:\\\/\\\/www.odense.fr\\\/es\\\/?s={search_term_string}\"},\"query-input\":{\"@type\":\"PropertyValueSpecification\",\"valueRequired\":true,\"valueName\":\"search_term_string\"}}],\"inLanguage\":\"es\"},{\"@type\":\"Organization\",\"@id\":\"https:\\\/\\\/www.odense.fr\\\/es\\\/#organization\",\"name\":\"ODENSE\",\"url\":\"https:\\\/\\\/www.odense.fr\\\/es\\\/\",\"logo\":{\"@type\":\"ImageObject\",\"inLanguage\":\"es\",\"@id\":\"https:\\\/\\\/www.odense.fr\\\/es\\\/#\\\/schema\\\/logo\\\/image\\\/\",\"url\":\"https:\\\/\\\/www.odense.fr\\\/wp-content\\\/uploads\\\/2020\\\/09\\\/Logo-Odense-Final-l-01@3x.png\",\"contentUrl\":\"https:\\\/\\\/www.odense.fr\\\/wp-content\\\/uploads\\\/2020\\\/09\\\/Logo-Odense-Final-l-01@3x.png\",\"width\":2560,\"height\":949,\"caption\":\"ODENSE\"},\"image\":{\"@id\":\"https:\\\/\\\/www.odense.fr\\\/es\\\/#\\\/schema\\\/logo\\\/image\\\/\"}}]}<\/script>\n<!-- \/ Yoast SEO plugin. -->","yoast_head_json":{"title":"Collar Astre Acuario - Odense","robots":{"index":"index","follow":"follow","max-snippet":"max-snippet:-1","max-image-preview":"max-image-preview:large","max-video-preview":"max-video-preview:-1"},"canonical":"https:\/\/www.odense.fr\/es\/producto\/collar-astre-acuario\/","og_locale":"es_ES","og_type":"article","og_title":"Collar Astre Acuario - Odense","og_description":"\u00a1Cu\u00e1nta originalidad con este collar doble en cadena de rect\u00e1ngulos y cadena corde! Est\u00e1 adornado con piedras semipreciosas naturales y con un colgante redondo con un signo zodiacal en un fondo estriado. Cierre de dos aros corredizos. \u00bfQuiere regalarse una joya relacionada con su signo zodiacal? Los collares Astral le gustar\u00e1n. \u00a1Para regalar o regalarse! [&hellip;]","og_url":"https:\/\/www.odense.fr\/es\/producto\/collar-astre-acuario\/","og_site_name":"Odense","article_modified_time":"2021-12-02T00:00:54+00:00","og_image":[{"width":1000,"height":1000,"url":"https:\/\/www.odense.fr\/wp-content\/uploads\/2020\/11\/Collier-Astre-Verseau-1-v3.jpg","type":"image\/jpeg"}],"twitter_card":"summary_large_image","schema":{"@context":"https:\/\/schema.org","@graph":[{"@type":"WebPage","@id":"https:\/\/www.odense.fr\/es\/producto\/collar-astre-acuario\/","url":"https:\/\/www.odense.fr\/es\/producto\/collar-astre-acuario\/","name":"Collar Astre Acuario - Odense","isPartOf":{"@id":"https:\/\/www.odense.fr\/es\/#website"},"primaryImageOfPage":{"@id":"https:\/\/www.odense.fr\/es\/producto\/collar-astre-acuario\/#primaryimage"},"image":{"@id":"https:\/\/www.odense.fr\/es\/producto\/collar-astre-acuario\/#primaryimage"},"thumbnailUrl":"https:\/\/www.odense.fr\/wp-content\/uploads\/2020\/11\/Collier-Astre-Verseau-recadre-v2.jpg","datePublished":"2020-11-29T11:06:33+00:00","dateModified":"2021-12-02T00:00:54+00:00","breadcrumb":{"@id":"https:\/\/www.odense.fr\/es\/producto\/collar-astre-acuario\/#breadcrumb"},"inLanguage":"es","potentialAction":[{"@type":"ReadAction","target":["https:\/\/www.odense.fr\/es\/producto\/collar-astre-acuario\/"]}]},{"@type":"ImageObject","inLanguage":"es","@id":"https:\/\/www.odense.fr\/es\/producto\/collar-astre-acuario\/#primaryimage","url":"https:\/\/www.odense.fr\/wp-content\/uploads\/2020\/11\/Collier-Astre-Verseau-recadre-v2.jpg","contentUrl":"https:\/\/www.odense.fr\/wp-content\/uploads\/2020\/11\/Collier-Astre-Verseau-recadre-v2.jpg","width":2000,"height":2000},{"@type":"BreadcrumbList","@id":"https:\/\/www.odense.fr\/es\/producto\/collar-astre-acuario\/#breadcrumb","itemListElement":[{"@type":"ListItem","position":1,"name":"Accueil","item":"https:\/\/www.odense.fr\/es\/"},{"@type":"ListItem","position":2,"name":"Productos","item":"https:\/\/www.odense.fr\/es\/shop\/"},{"@type":"ListItem","position":3,"name":"Collar Astre Acuario"}]},{"@type":"WebSite","@id":"https:\/\/www.odense.fr\/es\/#website","url":"https:\/\/www.odense.fr\/es\/","name":"Odense","description":"Retrouvez notre gamme de bijoux","publisher":{"@id":"https:\/\/www.odense.fr\/es\/#organization"},"potentialAction":[{"@type":"SearchAction","target":{"@type":"EntryPoint","urlTemplate":"https:\/\/www.odense.fr\/es\/?s={search_term_string}"},"query-input":{"@type":"PropertyValueSpecification","valueRequired":true,"valueName":"search_term_string"}}],"inLanguage":"es"},{"@type":"Organization","@id":"https:\/\/www.odense.fr\/es\/#organization","name":"ODENSE","url":"https:\/\/www.odense.fr\/es\/","logo":{"@type":"ImageObject","inLanguage":"es","@id":"https:\/\/www.odense.fr\/es\/#\/schema\/logo\/image\/","url":"https:\/\/www.odense.fr\/wp-content\/uploads\/2020\/09\/Logo-Odense-Final-l-01@3x.png","contentUrl":"https:\/\/www.odense.fr\/wp-content\/uploads\/2020\/09\/Logo-Odense-Final-l-01@3x.png","width":2560,"height":949,"caption":"ODENSE"},"image":{"@id":"https:\/\/www.odense.fr\/es\/#\/schema\/logo\/image\/"}}]}},"_links":{"self":[{"href":"https:\/\/www.odense.fr\/es\/wp-json\/wp\/v2\/product\/3110","targetHints":{"allow":["GET"]}}],"collection":[{"href":"https:\/\/www.odense.fr\/es\/wp-json\/wp\/v2\/product"}],"about":[{"href":"https:\/\/www.odense.fr\/es\/wp-json\/wp\/v2\/types\/product"}],"replies":[{"embeddable":true,"href":"https:\/\/www.odense.fr\/es\/wp-json\/wp\/v2\/comments?post=3110"}],"wp:featuredmedia":[{"embeddable":true,"href":"https:\/\/www.odense.fr\/es\/wp-json\/wp\/v2\/media\/4798"}],"wp:attachment":[{"href":"https:\/\/www.odense.fr\/es\/wp-json\/wp\/v2\/media?parent=3110"}],"wp:term":[{"taxonomy":"product_brand","embeddable":true,"href":"https:\/\/www.odense.fr\/es\/wp-json\/wp\/v2\/product_brand?post=3110"},{"taxonomy":"product_cat","embeddable":true,"href":"https:\/\/www.odense.fr\/es\/wp-json\/wp\/v2\/product_cat?post=3110"},{"taxonomy":"product_tag","embeddable":true,"href":"https:\/\/www.odense.fr\/es\/wp-json\/wp\/v2\/product_tag?post=3110"}],"curies":[{"name":"wp","href":"https:\/\/api.w.org\/{rel}","templated":true}]}}