{"id":3098,"date":"2020-11-29T12:09:12","date_gmt":"2020-11-29T11:09:12","guid":{"rendered":"https:\/\/www.odense.fr\/produit\/aretes-aurore-en-apatita-azul\/"},"modified":"2021-05-18T20:30:51","modified_gmt":"2021-05-18T20:30:51","slug":"aretes-aurore-en-apatita-azul","status":"publish","type":"product","link":"https:\/\/www.odense.fr\/es\/producto\/aretes-aurore-en-apatita-azul\/","title":{"rendered":"Aretes Aurore en apatita azul"},"content":{"rendered":"<p>Peque\u00f1os aretes adornados de perlas doradas as\u00ed como de 5 piedras semipreciosas naturales con apatita azul, finamente enroscadas en un hilo met\u00e1lico dorado brillante.<\/p>\n<p>Se puede combinar con el collar y el brazalete Aurore en apatita azul.<\/p>\n<p>Estos aretes est\u00e1n igualmente a la venta en cuarzo rosa y piedra de luna en aros de 30 mm de di\u00e1metro.<\/p>\n","protected":false},"excerpt":{"rendered":"<p>Peque\u00f1os aretes adornados de perlas doradas as\u00ed como de 5 piedras semipreciosas naturales con apatita azul, finamente enroscadas en un hilo met\u00e1lico dorado brillante. Se puede combinar con el collar y el brazalete Aurore en apatita azul. Estos aretes est\u00e1n igualmente a la venta en cuarzo rosa y piedra de luna en aros de 30 [&hellip;]<\/p>\n","protected":false},"featured_media":4805,"comment_status":"open","ping_status":"closed","template":"","meta":{"_acf_changed":false},"product_brand":[],"product_cat":[85],"product_tag":[97],"class_list":{"0":"post-3098","1":"product","2":"type-product","3":"status-publish","4":"has-post-thumbnail","6":"product_cat-aretes","7":"product_tag-apatita-azul","9":"first","10":"instock","11":"taxable","12":"shipping-taxable","13":"purchasable","14":"product-type-simple"},"acf":[],"yoast_head":"<!-- This site is optimized with the Yoast SEO plugin v27.4 - https:\/\/yoast.com\/product\/yoast-seo-wordpress\/ -->\n<title>Aretes Aurore en apatita azul - Odense<\/title>\n<meta name=\"robots\" content=\"index, follow, max-snippet:-1, max-image-preview:large, max-video-preview:-1\" \/>\n<link rel=\"canonical\" href=\"https:\/\/www.odense.fr\/es\/producto\/aretes-aurore-en-apatita-azul\/\" \/>\n<meta property=\"og:locale\" content=\"es_ES\" \/>\n<meta property=\"og:type\" content=\"article\" \/>\n<meta property=\"og:title\" content=\"Aretes Aurore en apatita azul - Odense\" \/>\n<meta property=\"og:description\" content=\"Peque\u00f1os aretes adornados de perlas doradas as\u00ed como de 5 piedras semipreciosas naturales con apatita azul, finamente enroscadas en un hilo met\u00e1lico dorado brillante. Se puede combinar con el collar y el brazalete Aurore en apatita azul. Estos aretes est\u00e1n igualmente a la venta en cuarzo rosa y piedra de luna en aros de 30 [&hellip;]\" \/>\n<meta property=\"og:url\" content=\"https:\/\/www.odense.fr\/es\/producto\/aretes-aurore-en-apatita-azul\/\" \/>\n<meta property=\"og:site_name\" content=\"Odense\" \/>\n<meta property=\"article:modified_time\" content=\"2021-05-18T20:30:51+00:00\" \/>\n<meta property=\"og:image\" content=\"https:\/\/www.odense.fr\/wp-content\/uploads\/2020\/11\/Creoles-Apatite-bleue-1-site.jpg\" \/>\n\t<meta property=\"og:image:width\" content=\"2000\" \/>\n\t<meta property=\"og:image:height\" content=\"2000\" \/>\n\t<meta property=\"og:image:type\" content=\"image\/jpeg\" \/>\n<meta name=\"twitter:card\" content=\"summary_large_image\" \/>\n<script type=\"application\/ld+json\" class=\"yoast-schema-graph\">{\"@context\":\"https:\\\/\\\/schema.org\",\"@graph\":[{\"@type\":\"WebPage\",\"@id\":\"https:\\\/\\\/www.odense.fr\\\/es\\\/producto\\\/aretes-aurore-en-apatita-azul\\\/\",\"url\":\"https:\\\/\\\/www.odense.fr\\\/es\\\/producto\\\/aretes-aurore-en-apatita-azul\\\/\",\"name\":\"Aretes Aurore en apatita azul - Odense\",\"isPartOf\":{\"@id\":\"https:\\\/\\\/www.odense.fr\\\/es\\\/#website\"},\"primaryImageOfPage\":{\"@id\":\"https:\\\/\\\/www.odense.fr\\\/es\\\/producto\\\/aretes-aurore-en-apatita-azul\\\/#primaryimage\"},\"image\":{\"@id\":\"https:\\\/\\\/www.odense.fr\\\/es\\\/producto\\\/aretes-aurore-en-apatita-azul\\\/#primaryimage\"},\"thumbnailUrl\":\"https:\\\/\\\/www.odense.fr\\\/wp-content\\\/uploads\\\/2020\\\/11\\\/Creoles-Apatite-bleue-1-site.jpg\",\"datePublished\":\"2020-11-29T11:09:12+00:00\",\"dateModified\":\"2021-05-18T20:30:51+00:00\",\"breadcrumb\":{\"@id\":\"https:\\\/\\\/www.odense.fr\\\/es\\\/producto\\\/aretes-aurore-en-apatita-azul\\\/#breadcrumb\"},\"inLanguage\":\"es\",\"potentialAction\":[{\"@type\":\"ReadAction\",\"target\":[\"https:\\\/\\\/www.odense.fr\\\/es\\\/producto\\\/aretes-aurore-en-apatita-azul\\\/\"]}]},{\"@type\":\"ImageObject\",\"inLanguage\":\"es\",\"@id\":\"https:\\\/\\\/www.odense.fr\\\/es\\\/producto\\\/aretes-aurore-en-apatita-azul\\\/#primaryimage\",\"url\":\"https:\\\/\\\/www.odense.fr\\\/wp-content\\\/uploads\\\/2020\\\/11\\\/Creoles-Apatite-bleue-1-site.jpg\",\"contentUrl\":\"https:\\\/\\\/www.odense.fr\\\/wp-content\\\/uploads\\\/2020\\\/11\\\/Creoles-Apatite-bleue-1-site.jpg\",\"width\":2000,\"height\":2000},{\"@type\":\"BreadcrumbList\",\"@id\":\"https:\\\/\\\/www.odense.fr\\\/es\\\/producto\\\/aretes-aurore-en-apatita-azul\\\/#breadcrumb\",\"itemListElement\":[{\"@type\":\"ListItem\",\"position\":1,\"name\":\"Accueil\",\"item\":\"https:\\\/\\\/www.odense.fr\\\/es\\\/\"},{\"@type\":\"ListItem\",\"position\":2,\"name\":\"Productos\",\"item\":\"https:\\\/\\\/www.odense.fr\\\/es\\\/shop\\\/\"},{\"@type\":\"ListItem\",\"position\":3,\"name\":\"Aretes Aurore en apatita azul\"}]},{\"@type\":\"WebSite\",\"@id\":\"https:\\\/\\\/www.odense.fr\\\/es\\\/#website\",\"url\":\"https:\\\/\\\/www.odense.fr\\\/es\\\/\",\"name\":\"Odense\",\"description\":\"Retrouvez notre gamme de bijoux\",\"publisher\":{\"@id\":\"https:\\\/\\\/www.odense.fr\\\/es\\\/#organization\"},\"potentialAction\":[{\"@type\":\"SearchAction\",\"target\":{\"@type\":\"EntryPoint\",\"urlTemplate\":\"https:\\\/\\\/www.odense.fr\\\/es\\\/?s={search_term_string}\"},\"query-input\":{\"@type\":\"PropertyValueSpecification\",\"valueRequired\":true,\"valueName\":\"search_term_string\"}}],\"inLanguage\":\"es\"},{\"@type\":\"Organization\",\"@id\":\"https:\\\/\\\/www.odense.fr\\\/es\\\/#organization\",\"name\":\"ODENSE\",\"url\":\"https:\\\/\\\/www.odense.fr\\\/es\\\/\",\"logo\":{\"@type\":\"ImageObject\",\"inLanguage\":\"es\",\"@id\":\"https:\\\/\\\/www.odense.fr\\\/es\\\/#\\\/schema\\\/logo\\\/image\\\/\",\"url\":\"https:\\\/\\\/www.odense.fr\\\/wp-content\\\/uploads\\\/2020\\\/09\\\/Logo-Odense-Final-l-01@3x.png\",\"contentUrl\":\"https:\\\/\\\/www.odense.fr\\\/wp-content\\\/uploads\\\/2020\\\/09\\\/Logo-Odense-Final-l-01@3x.png\",\"width\":2560,\"height\":949,\"caption\":\"ODENSE\"},\"image\":{\"@id\":\"https:\\\/\\\/www.odense.fr\\\/es\\\/#\\\/schema\\\/logo\\\/image\\\/\"}}]}<\/script>\n<!-- \/ Yoast SEO plugin. -->","yoast_head_json":{"title":"Aretes Aurore en apatita azul - Odense","robots":{"index":"index","follow":"follow","max-snippet":"max-snippet:-1","max-image-preview":"max-image-preview:large","max-video-preview":"max-video-preview:-1"},"canonical":"https:\/\/www.odense.fr\/es\/producto\/aretes-aurore-en-apatita-azul\/","og_locale":"es_ES","og_type":"article","og_title":"Aretes Aurore en apatita azul - Odense","og_description":"Peque\u00f1os aretes adornados de perlas doradas as\u00ed como de 5 piedras semipreciosas naturales con apatita azul, finamente enroscadas en un hilo met\u00e1lico dorado brillante. Se puede combinar con el collar y el brazalete Aurore en apatita azul. Estos aretes est\u00e1n igualmente a la venta en cuarzo rosa y piedra de luna en aros de 30 [&hellip;]","og_url":"https:\/\/www.odense.fr\/es\/producto\/aretes-aurore-en-apatita-azul\/","og_site_name":"Odense","article_modified_time":"2021-05-18T20:30:51+00:00","og_image":[{"width":2000,"height":2000,"url":"https:\/\/www.odense.fr\/wp-content\/uploads\/2020\/11\/Creoles-Apatite-bleue-1-site.jpg","type":"image\/jpeg"}],"twitter_card":"summary_large_image","schema":{"@context":"https:\/\/schema.org","@graph":[{"@type":"WebPage","@id":"https:\/\/www.odense.fr\/es\/producto\/aretes-aurore-en-apatita-azul\/","url":"https:\/\/www.odense.fr\/es\/producto\/aretes-aurore-en-apatita-azul\/","name":"Aretes Aurore en apatita azul - Odense","isPartOf":{"@id":"https:\/\/www.odense.fr\/es\/#website"},"primaryImageOfPage":{"@id":"https:\/\/www.odense.fr\/es\/producto\/aretes-aurore-en-apatita-azul\/#primaryimage"},"image":{"@id":"https:\/\/www.odense.fr\/es\/producto\/aretes-aurore-en-apatita-azul\/#primaryimage"},"thumbnailUrl":"https:\/\/www.odense.fr\/wp-content\/uploads\/2020\/11\/Creoles-Apatite-bleue-1-site.jpg","datePublished":"2020-11-29T11:09:12+00:00","dateModified":"2021-05-18T20:30:51+00:00","breadcrumb":{"@id":"https:\/\/www.odense.fr\/es\/producto\/aretes-aurore-en-apatita-azul\/#breadcrumb"},"inLanguage":"es","potentialAction":[{"@type":"ReadAction","target":["https:\/\/www.odense.fr\/es\/producto\/aretes-aurore-en-apatita-azul\/"]}]},{"@type":"ImageObject","inLanguage":"es","@id":"https:\/\/www.odense.fr\/es\/producto\/aretes-aurore-en-apatita-azul\/#primaryimage","url":"https:\/\/www.odense.fr\/wp-content\/uploads\/2020\/11\/Creoles-Apatite-bleue-1-site.jpg","contentUrl":"https:\/\/www.odense.fr\/wp-content\/uploads\/2020\/11\/Creoles-Apatite-bleue-1-site.jpg","width":2000,"height":2000},{"@type":"BreadcrumbList","@id":"https:\/\/www.odense.fr\/es\/producto\/aretes-aurore-en-apatita-azul\/#breadcrumb","itemListElement":[{"@type":"ListItem","position":1,"name":"Accueil","item":"https:\/\/www.odense.fr\/es\/"},{"@type":"ListItem","position":2,"name":"Productos","item":"https:\/\/www.odense.fr\/es\/shop\/"},{"@type":"ListItem","position":3,"name":"Aretes Aurore en apatita azul"}]},{"@type":"WebSite","@id":"https:\/\/www.odense.fr\/es\/#website","url":"https:\/\/www.odense.fr\/es\/","name":"Odense","description":"Retrouvez notre gamme de bijoux","publisher":{"@id":"https:\/\/www.odense.fr\/es\/#organization"},"potentialAction":[{"@type":"SearchAction","target":{"@type":"EntryPoint","urlTemplate":"https:\/\/www.odense.fr\/es\/?s={search_term_string}"},"query-input":{"@type":"PropertyValueSpecification","valueRequired":true,"valueName":"search_term_string"}}],"inLanguage":"es"},{"@type":"Organization","@id":"https:\/\/www.odense.fr\/es\/#organization","name":"ODENSE","url":"https:\/\/www.odense.fr\/es\/","logo":{"@type":"ImageObject","inLanguage":"es","@id":"https:\/\/www.odense.fr\/es\/#\/schema\/logo\/image\/","url":"https:\/\/www.odense.fr\/wp-content\/uploads\/2020\/09\/Logo-Odense-Final-l-01@3x.png","contentUrl":"https:\/\/www.odense.fr\/wp-content\/uploads\/2020\/09\/Logo-Odense-Final-l-01@3x.png","width":2560,"height":949,"caption":"ODENSE"},"image":{"@id":"https:\/\/www.odense.fr\/es\/#\/schema\/logo\/image\/"}}]}},"_links":{"self":[{"href":"https:\/\/www.odense.fr\/es\/wp-json\/wp\/v2\/product\/3098","targetHints":{"allow":["GET"]}}],"collection":[{"href":"https:\/\/www.odense.fr\/es\/wp-json\/wp\/v2\/product"}],"about":[{"href":"https:\/\/www.odense.fr\/es\/wp-json\/wp\/v2\/types\/product"}],"replies":[{"embeddable":true,"href":"https:\/\/www.odense.fr\/es\/wp-json\/wp\/v2\/comments?post=3098"}],"wp:featuredmedia":[{"embeddable":true,"href":"https:\/\/www.odense.fr\/es\/wp-json\/wp\/v2\/media\/4805"}],"wp:attachment":[{"href":"https:\/\/www.odense.fr\/es\/wp-json\/wp\/v2\/media?parent=3098"}],"wp:term":[{"taxonomy":"product_brand","embeddable":true,"href":"https:\/\/www.odense.fr\/es\/wp-json\/wp\/v2\/product_brand?post=3098"},{"taxonomy":"product_cat","embeddable":true,"href":"https:\/\/www.odense.fr\/es\/wp-json\/wp\/v2\/product_cat?post=3098"},{"taxonomy":"product_tag","embeddable":true,"href":"https:\/\/www.odense.fr\/es\/wp-json\/wp\/v2\/product_tag?post=3098"}],"curies":[{"name":"wp","href":"https:\/\/api.w.org\/{rel}","templated":true}]}}