{"id":2932,"date":"2021-04-19T09:22:42","date_gmt":"2021-04-19T09:22:42","guid":{"rendered":"https:\/\/www.odense.fr\/?page_id=2932"},"modified":"2021-04-19T09:27:51","modified_gmt":"2021-04-19T09:27:51","slug":"contactar","status":"publish","type":"page","link":"https:\/\/www.odense.fr\/es\/contactar\/","title":{"rendered":"Contactar"},"content":{"rendered":"\t\t<div data-elementor-type=\"wp-post\" data-elementor-id=\"2932\" class=\"elementor elementor-2932 elementor-383\" data-elementor-post-type=\"page\">\n\t\t\t\t\t\t<section class=\"elementor-section elementor-top-section elementor-element elementor-element-6b229b5 elementor-section-boxed elementor-section-height-default elementor-section-height-default\" data-id=\"6b229b5\" data-element_type=\"section\" data-e-type=\"section\" data-settings=\"{&quot;jet_parallax_layout_list&quot;:[{&quot;jet_parallax_layout_image&quot;:{&quot;url&quot;:&quot;&quot;,&quot;id&quot;:&quot;&quot;,&quot;size&quot;:&quot;&quot;},&quot;_id&quot;:&quot;c01fe2b&quot;,&quot;jet_parallax_layout_speed&quot;:{&quot;unit&quot;:&quot;%&quot;,&quot;size&quot;:&quot;50&quot;,&quot;sizes&quot;:[]},&quot;jet_parallax_layout_bg_x&quot;:&quot;50&quot;,&quot;jet_parallax_layout_bg_y&quot;:&quot;50&quot;,&quot;jet_parallax_layout_image_tablet&quot;:{&quot;url&quot;:&quot;&quot;,&quot;id&quot;:&quot;&quot;,&quot;size&quot;:&quot;&quot;},&quot;jet_parallax_layout_image_mobile&quot;:{&quot;url&quot;:&quot;&quot;,&quot;id&quot;:&quot;&quot;,&quot;size&quot;:&quot;&quot;},&quot;jet_parallax_layout_type&quot;:&quot;scroll&quot;,&quot;jet_parallax_layout_direction&quot;:&quot;1&quot;,&quot;jet_parallax_layout_fx_direction&quot;:null,&quot;jet_parallax_layout_z_index&quot;:&quot;&quot;,&quot;jet_parallax_layout_bg_x_tablet&quot;:&quot;&quot;,&quot;jet_parallax_layout_bg_x_mobile&quot;:&quot;&quot;,&quot;jet_parallax_layout_bg_y_tablet&quot;:&quot;&quot;,&quot;jet_parallax_layout_bg_y_mobile&quot;:&quot;&quot;,&quot;jet_parallax_layout_bg_size&quot;:&quot;auto&quot;,&quot;jet_parallax_layout_bg_size_tablet&quot;:&quot;&quot;,&quot;jet_parallax_layout_bg_size_mobile&quot;:&quot;&quot;,&quot;jet_parallax_layout_animation_prop&quot;:&quot;transform&quot;,&quot;jet_parallax_layout_on&quot;:[&quot;desktop&quot;,&quot;tablet&quot;]}],&quot;background_background&quot;:&quot;classic&quot;}\">\n\t\t\t\t\t\t<div class=\"elementor-container elementor-column-gap-no\">\n\t\t\t\t\t<div class=\"elementor-column elementor-col-100 elementor-top-column elementor-element elementor-element-6b191c9\" data-id=\"6b191c9\" data-element_type=\"column\" data-e-type=\"column\">\n\t\t\t<div class=\"elementor-widget-wrap elementor-element-populated\">\n\t\t\t\t\t\t<div class=\"elementor-element elementor-element-574d31c elementor-widget elementor-widget-text-editor\" data-id=\"574d31c\" data-element_type=\"widget\" data-e-type=\"widget\" data-widget_type=\"text-editor.default\">\n\t\t\t\t<div class=\"elementor-widget-container\">\n\t\t\t\t\t\t\t\t\t<h2>Cont\u00e1ctenos<\/h2>\t\t\t\t\t\t\t\t<\/div>\n\t\t\t\t<\/div>\n\t\t\t\t<div class=\"elementor-element elementor-element-f91d461 elementor-widget elementor-widget-text-editor\" data-id=\"f91d461\" data-element_type=\"widget\" data-e-type=\"widget\" data-widget_type=\"text-editor.default\">\n\t\t\t\t<div class=\"elementor-widget-container\">\n\t\t\t\t\t\t\t\t\t<p>\u00a1Nos encantar\u00eda saber su opini\u00f3n! Comp\u00e1rtanos sus ideas. No dude en contactarnos, enviarnos un mensaje o comunicarse con el servicio de asistencia.<\/p>\t\t\t\t\t\t\t\t<\/div>\n\t\t\t\t<\/div>\n\t\t\t\t\t<\/div>\n\t\t<\/div>\n\t\t\t\t\t<\/div>\n\t\t<\/section>\n\t\t\t\t<section class=\"elementor-section elementor-top-section elementor-element elementor-element-af38efd elementor-section-boxed elementor-section-height-default elementor-section-height-default\" data-id=\"af38efd\" data-element_type=\"section\" data-e-type=\"section\" id=\"reseaux-soc\" data-settings=\"{&quot;jet_parallax_layout_list&quot;:[{&quot;jet_parallax_layout_image&quot;:{&quot;url&quot;:&quot;&quot;,&quot;id&quot;:&quot;&quot;,&quot;size&quot;:&quot;&quot;},&quot;_id&quot;:&quot;69aa955&quot;,&quot;jet_parallax_layout_speed&quot;:{&quot;unit&quot;:&quot;%&quot;,&quot;size&quot;:&quot;50&quot;,&quot;sizes&quot;:[]},&quot;jet_parallax_layout_bg_x&quot;:&quot;50&quot;,&quot;jet_parallax_layout_bg_y&quot;:&quot;50&quot;,&quot;jet_parallax_layout_image_tablet&quot;:{&quot;url&quot;:&quot;&quot;,&quot;id&quot;:&quot;&quot;,&quot;size&quot;:&quot;&quot;},&quot;jet_parallax_layout_image_mobile&quot;:{&quot;url&quot;:&quot;&quot;,&quot;id&quot;:&quot;&quot;,&quot;size&quot;:&quot;&quot;},&quot;jet_parallax_layout_type&quot;:&quot;scroll&quot;,&quot;jet_parallax_layout_direction&quot;:&quot;1&quot;,&quot;jet_parallax_layout_fx_direction&quot;:null,&quot;jet_parallax_layout_z_index&quot;:&quot;&quot;,&quot;jet_parallax_layout_bg_x_tablet&quot;:&quot;&quot;,&quot;jet_parallax_layout_bg_x_mobile&quot;:&quot;&quot;,&quot;jet_parallax_layout_bg_y_tablet&quot;:&quot;&quot;,&quot;jet_parallax_layout_bg_y_mobile&quot;:&quot;&quot;,&quot;jet_parallax_layout_bg_size&quot;:&quot;auto&quot;,&quot;jet_parallax_layout_bg_size_tablet&quot;:&quot;&quot;,&quot;jet_parallax_layout_bg_size_mobile&quot;:&quot;&quot;,&quot;jet_parallax_layout_animation_prop&quot;:&quot;transform&quot;,&quot;jet_parallax_layout_on&quot;:[&quot;desktop&quot;,&quot;tablet&quot;]}],&quot;background_background&quot;:&quot;classic&quot;}\">\n\t\t\t\t\t\t<div class=\"elementor-container elementor-column-gap-default\">\n\t\t\t\t\t<div class=\"elementor-column elementor-col-100 elementor-top-column elementor-element elementor-element-34bd299\" data-id=\"34bd299\" data-element_type=\"column\" data-e-type=\"column\">\n\t\t\t<div class=\"elementor-widget-wrap elementor-element-populated\">\n\t\t\t\t\t\t<div class=\"elementor-element elementor-element-0404111 elementor-widget elementor-widget-text-editor\" data-id=\"0404111\" data-element_type=\"widget\" data-e-type=\"widget\" data-widget_type=\"text-editor.default\">\n\t\t\t\t<div class=\"elementor-widget-container\">\n\t\t\t\t\t\t\t\t\t<h2>Encuentrenos en las redes sociales<\/h2>\t\t\t\t\t\t\t\t<\/div>\n\t\t\t\t<\/div>\n\t\t\t\t<div class=\"elementor-element elementor-element-a3f8bfb elementor-shape-rounded elementor-grid-0 e-grid-align-center elementor-widget elementor-widget-social-icons\" data-id=\"a3f8bfb\" data-element_type=\"widget\" data-e-type=\"widget\" data-widget_type=\"social-icons.default\">\n\t\t\t\t<div class=\"elementor-widget-container\">\n\t\t\t\t\t\t\t<div class=\"elementor-social-icons-wrapper elementor-grid\" role=\"list\">\n\t\t\t\t\t\t\t<span class=\"elementor-grid-item\" role=\"listitem\">\n\t\t\t\t\t<a class=\"elementor-icon elementor-social-icon elementor-social-icon-facebook-f elementor-repeater-item-f1af250\" href=\"https:\/\/www.facebook.com\/Odense-bijoux-114073403793466\" target=\"_blank\">\n\t\t\t\t\t\t<span class=\"elementor-screen-only\">Facebook-f<\/span>\n\t\t\t\t\t\t<i aria-hidden=\"true\" class=\"fab fa-facebook-f\"><\/i>\t\t\t\t\t<\/a>\n\t\t\t\t<\/span>\n\t\t\t\t\t\t\t<span class=\"elementor-grid-item\" role=\"listitem\">\n\t\t\t\t\t<a class=\"elementor-icon elementor-social-icon elementor-social-icon-instagram elementor-repeater-item-c70bc49\" href=\"https:\/\/www.instagram.com\/odensebijoux\/\" target=\"_blank\">\n\t\t\t\t\t\t<span class=\"elementor-screen-only\">Instagram<\/span>\n\t\t\t\t\t\t<i aria-hidden=\"true\" class=\"fab fa-instagram\"><\/i>\t\t\t\t\t<\/a>\n\t\t\t\t<\/span>\n\t\t\t\t\t<\/div>\n\t\t\t\t\t\t<\/div>\n\t\t\t\t<\/div>\n\t\t\t\t\t<\/div>\n\t\t<\/div>\n\t\t\t\t\t<\/div>\n\t\t<\/section>\n\t\t\t\t<\/div>\n\t\t","protected":false},"excerpt":{"rendered":"<p>Cont\u00e1ctenos \u00a1Nos encantar\u00eda saber su opini\u00f3n! Comp\u00e1rtanos sus ideas. No dude en contactarnos, enviarnos un mensaje o comunicarse con el servicio de asistencia. Enviar a Encuentrenos en las redes sociales Facebook-f Instagram<\/p>\n","protected":false},"author":3,"featured_media":0,"parent":0,"menu_order":0,"comment_status":"closed","ping_status":"closed","template":"full-width.php","meta":{"_acf_changed":false,"footnotes":""},"class_list":["post-2932","page","type-page","status-publish","hentry"],"acf":[],"yoast_head":"<!-- This site is optimized with the Yoast SEO plugin v27.4 - https:\/\/yoast.com\/product\/yoast-seo-wordpress\/ -->\n<title>Contactar - Odense<\/title>\n<meta name=\"robots\" content=\"index, follow, max-snippet:-1, max-image-preview:large, max-video-preview:-1\" \/>\n<link rel=\"canonical\" href=\"https:\/\/www.odense.fr\/es\/contactar\/\" \/>\n<meta property=\"og:locale\" content=\"es_ES\" \/>\n<meta property=\"og:type\" content=\"article\" \/>\n<meta property=\"og:title\" content=\"Contactar - Odense\" \/>\n<meta property=\"og:description\" content=\"Cont\u00e1ctenos \u00a1Nos encantar\u00eda saber su opini\u00f3n! Comp\u00e1rtanos sus ideas. No dude en contactarnos, enviarnos un mensaje o comunicarse con el servicio de asistencia. Enviar a Encuentrenos en las redes sociales Facebook-f Instagram\" \/>\n<meta property=\"og:url\" content=\"https:\/\/www.odense.fr\/es\/contactar\/\" \/>\n<meta property=\"og:site_name\" content=\"Odense\" \/>\n<meta property=\"article:modified_time\" content=\"2021-04-19T09:27:51+00:00\" \/>\n<meta name=\"twitter:card\" content=\"summary_large_image\" \/>\n<meta name=\"twitter:label1\" content=\"Tiempo de lectura\" \/>\n\t<meta name=\"twitter:data1\" content=\"1 minuto\" \/>\n<script type=\"application\/ld+json\" class=\"yoast-schema-graph\">{\"@context\":\"https:\\\/\\\/schema.org\",\"@graph\":[{\"@type\":\"WebPage\",\"@id\":\"https:\\\/\\\/www.odense.fr\\\/es\\\/contactar\\\/\",\"url\":\"https:\\\/\\\/www.odense.fr\\\/es\\\/contactar\\\/\",\"name\":\"Contactar - Odense\",\"isPartOf\":{\"@id\":\"https:\\\/\\\/www.odense.fr\\\/es\\\/#website\"},\"datePublished\":\"2021-04-19T09:22:42+00:00\",\"dateModified\":\"2021-04-19T09:27:51+00:00\",\"breadcrumb\":{\"@id\":\"https:\\\/\\\/www.odense.fr\\\/es\\\/contactar\\\/#breadcrumb\"},\"inLanguage\":\"es\",\"potentialAction\":[{\"@type\":\"ReadAction\",\"target\":[\"https:\\\/\\\/www.odense.fr\\\/es\\\/contactar\\\/\"]}]},{\"@type\":\"BreadcrumbList\",\"@id\":\"https:\\\/\\\/www.odense.fr\\\/es\\\/contactar\\\/#breadcrumb\",\"itemListElement\":[{\"@type\":\"ListItem\",\"position\":1,\"name\":\"Accueil\",\"item\":\"https:\\\/\\\/www.odense.fr\\\/es\\\/\"},{\"@type\":\"ListItem\",\"position\":2,\"name\":\"Contactar\"}]},{\"@type\":\"WebSite\",\"@id\":\"https:\\\/\\\/www.odense.fr\\\/es\\\/#website\",\"url\":\"https:\\\/\\\/www.odense.fr\\\/es\\\/\",\"name\":\"Odense\",\"description\":\"Retrouvez notre gamme de bijoux\",\"publisher\":{\"@id\":\"https:\\\/\\\/www.odense.fr\\\/es\\\/#organization\"},\"potentialAction\":[{\"@type\":\"SearchAction\",\"target\":{\"@type\":\"EntryPoint\",\"urlTemplate\":\"https:\\\/\\\/www.odense.fr\\\/es\\\/?s={search_term_string}\"},\"query-input\":{\"@type\":\"PropertyValueSpecification\",\"valueRequired\":true,\"valueName\":\"search_term_string\"}}],\"inLanguage\":\"es\"},{\"@type\":\"Organization\",\"@id\":\"https:\\\/\\\/www.odense.fr\\\/es\\\/#organization\",\"name\":\"ODENSE\",\"url\":\"https:\\\/\\\/www.odense.fr\\\/es\\\/\",\"logo\":{\"@type\":\"ImageObject\",\"inLanguage\":\"es\",\"@id\":\"https:\\\/\\\/www.odense.fr\\\/es\\\/#\\\/schema\\\/logo\\\/image\\\/\",\"url\":\"https:\\\/\\\/www.odense.fr\\\/wp-content\\\/uploads\\\/2020\\\/09\\\/Logo-Odense-Final-l-01@3x.png\",\"contentUrl\":\"https:\\\/\\\/www.odense.fr\\\/wp-content\\\/uploads\\\/2020\\\/09\\\/Logo-Odense-Final-l-01@3x.png\",\"width\":2560,\"height\":949,\"caption\":\"ODENSE\"},\"image\":{\"@id\":\"https:\\\/\\\/www.odense.fr\\\/es\\\/#\\\/schema\\\/logo\\\/image\\\/\"}}]}<\/script>\n<!-- \/ Yoast SEO plugin. -->","yoast_head_json":{"title":"Contactar - Odense","robots":{"index":"index","follow":"follow","max-snippet":"max-snippet:-1","max-image-preview":"max-image-preview:large","max-video-preview":"max-video-preview:-1"},"canonical":"https:\/\/www.odense.fr\/es\/contactar\/","og_locale":"es_ES","og_type":"article","og_title":"Contactar - Odense","og_description":"Cont\u00e1ctenos \u00a1Nos encantar\u00eda saber su opini\u00f3n! Comp\u00e1rtanos sus ideas. No dude en contactarnos, enviarnos un mensaje o comunicarse con el servicio de asistencia. Enviar a Encuentrenos en las redes sociales Facebook-f Instagram","og_url":"https:\/\/www.odense.fr\/es\/contactar\/","og_site_name":"Odense","article_modified_time":"2021-04-19T09:27:51+00:00","twitter_card":"summary_large_image","twitter_misc":{"Tiempo de lectura":"1 minuto"},"schema":{"@context":"https:\/\/schema.org","@graph":[{"@type":"WebPage","@id":"https:\/\/www.odense.fr\/es\/contactar\/","url":"https:\/\/www.odense.fr\/es\/contactar\/","name":"Contactar - Odense","isPartOf":{"@id":"https:\/\/www.odense.fr\/es\/#website"},"datePublished":"2021-04-19T09:22:42+00:00","dateModified":"2021-04-19T09:27:51+00:00","breadcrumb":{"@id":"https:\/\/www.odense.fr\/es\/contactar\/#breadcrumb"},"inLanguage":"es","potentialAction":[{"@type":"ReadAction","target":["https:\/\/www.odense.fr\/es\/contactar\/"]}]},{"@type":"BreadcrumbList","@id":"https:\/\/www.odense.fr\/es\/contactar\/#breadcrumb","itemListElement":[{"@type":"ListItem","position":1,"name":"Accueil","item":"https:\/\/www.odense.fr\/es\/"},{"@type":"ListItem","position":2,"name":"Contactar"}]},{"@type":"WebSite","@id":"https:\/\/www.odense.fr\/es\/#website","url":"https:\/\/www.odense.fr\/es\/","name":"Odense","description":"Retrouvez notre gamme de bijoux","publisher":{"@id":"https:\/\/www.odense.fr\/es\/#organization"},"potentialAction":[{"@type":"SearchAction","target":{"@type":"EntryPoint","urlTemplate":"https:\/\/www.odense.fr\/es\/?s={search_term_string}"},"query-input":{"@type":"PropertyValueSpecification","valueRequired":true,"valueName":"search_term_string"}}],"inLanguage":"es"},{"@type":"Organization","@id":"https:\/\/www.odense.fr\/es\/#organization","name":"ODENSE","url":"https:\/\/www.odense.fr\/es\/","logo":{"@type":"ImageObject","inLanguage":"es","@id":"https:\/\/www.odense.fr\/es\/#\/schema\/logo\/image\/","url":"https:\/\/www.odense.fr\/wp-content\/uploads\/2020\/09\/Logo-Odense-Final-l-01@3x.png","contentUrl":"https:\/\/www.odense.fr\/wp-content\/uploads\/2020\/09\/Logo-Odense-Final-l-01@3x.png","width":2560,"height":949,"caption":"ODENSE"},"image":{"@id":"https:\/\/www.odense.fr\/es\/#\/schema\/logo\/image\/"}}]}},"_links":{"self":[{"href":"https:\/\/www.odense.fr\/es\/wp-json\/wp\/v2\/pages\/2932","targetHints":{"allow":["GET"]}}],"collection":[{"href":"https:\/\/www.odense.fr\/es\/wp-json\/wp\/v2\/pages"}],"about":[{"href":"https:\/\/www.odense.fr\/es\/wp-json\/wp\/v2\/types\/page"}],"author":[{"embeddable":true,"href":"https:\/\/www.odense.fr\/es\/wp-json\/wp\/v2\/users\/3"}],"replies":[{"embeddable":true,"href":"https:\/\/www.odense.fr\/es\/wp-json\/wp\/v2\/comments?post=2932"}],"version-history":[{"count":0,"href":"https:\/\/www.odense.fr\/es\/wp-json\/wp\/v2\/pages\/2932\/revisions"}],"wp:attachment":[{"href":"https:\/\/www.odense.fr\/es\/wp-json\/wp\/v2\/media?parent=2932"}],"curies":[{"name":"wp","href":"https:\/\/api.w.org\/{rel}","templated":true}]}}